{"id":2170,"date":"2026-04-21T19:23:14","date_gmt":"2026-04-21T19:23:14","guid":{"rendered":"https:\/\/vitadrops.ro\/?post_type=product&#038;p=2170"},"modified":"2026-04-22T07:10:51","modified_gmt":"2026-04-22T07:10:51","slug":"kitartas-aramlo-energia","status":"publish","type":"product","link":"https:\/\/vitadrops.ro\/ro\/product\/kitartas-aramlo-energia\/","title":{"rendered":"REZISTEN\u021a\u0102 - ENERGIE \u00ceN MI\u0218CARE"},"content":{"rendered":"<p>Amestec premium de uleiuri 100% pure, ob\u021binute prin presare la rece, con\u021bin\u00e2nd ingrediente care sus\u021bin cre\u0219terea performan\u021bei fizice.<\/p>\n<p>Etichete: rezisten\u021b\u0103, surs\u0103 de energie, condi\u021bie fizic\u0103, s\u0103n\u0103tatea mu\u0219chilor, s\u0103n\u0103tatea articula\u021biilor, s\u0103n\u0103tate mental\u0103, eliminarea oboselii mentale, s\u0103n\u0103tatea sistemului cardiovascular, revitalizarea organismului, tonifierea organismului<\/p>","protected":false},"excerpt":{"rendered":"<p>Amestec premium de uleiuri 100% pure, ob\u021binute prin presare la rece, con\u021bin\u00e2nd ingrediente care sus\u021bin cre\u0219terea performan\u021bei fizice.<\/p>\n<p>Etichete: rezisten\u021b\u0103, surs\u0103 de energie, condi\u021bie fizic\u0103, s\u0103n\u0103tatea mu\u0219chilor, s\u0103n\u0103tatea articula\u021biilor, s\u0103n\u0103tate mental\u0103, eliminarea oboselii mentale, s\u0103n\u0103tatea sistemului cardiovascular, revitalizarea organismului, tonifierea organismului<\/p>","protected":false},"featured_media":2171,"comment_status":"closed","ping_status":"closed","template":"","meta":{"_acf_changed":false},"product_brand":[33],"product_cat":[34],"product_tag":[78,105,55,37,38,58,74,68,75,60],"class_list":{"0":"post-2170","1":"product","2":"type-product","3":"status-publish","4":"has-post-thumbnail","6":"product_brand-attl-drops","7":"product_cat-premium-olajak","8":"product_tag-ellenallo-kepesseg","9":"product_tag-energiaforras","10":"product_tag-fizikai-eronlet","11":"product_tag-izmok-egeszsege","12":"product_tag-izuletek-egeszsege","13":"product_tag-mentalis-egeszseg","14":"product_tag-szellemi-tompasag-megszuntetese","15":"product_tag-sziv-es-errendszer","16":"product_tag-test-elenkites","17":"product_tag-test-tonizalas","19":"first","20":"instock","21":"shipping-taxable","22":"purchasable","23":"product-type-simple"},"acf":[],"yoast_head":"<!-- This site is optimized with the Yoast SEO plugin v27.4 - https:\/\/yoast.com\/product\/yoast-seo-wordpress\/ -->\n<title>KITART\u00c1S \u2013 \u00c1RAML\u00d3 ENERGIA - Vitadrops<\/title>\n<meta name=\"description\" content=\"100% tisztas\u00e1g\u00fa pr\u00e9mium olajkever\u00e9k, mely fizikai teljes\u00edt\u0151k\u00e9pess\u00e9g\u00a0n\u00f6vel\u00e9s\u00e9t t\u00e1mogat\u00f3 alapanyagokb\u00f3l hidegen sajtol\u00e1ssal el\u0151\u00e1ll\u00edtott \u00f6sszetev\u0151ket tartalmaz\" \/>\n<meta name=\"robots\" content=\"index, follow, max-snippet:-1, max-image-preview:large, max-video-preview:-1\" \/>\n<link rel=\"canonical\" href=\"https:\/\/vitadrops.ro\/ro\/product\/kitartas-aramlo-energia\/\" \/>\n<meta property=\"og:locale\" content=\"ro_RO\" \/>\n<meta property=\"og:type\" content=\"article\" \/>\n<meta property=\"og:title\" content=\"KITART\u00c1S \u2013 \u00c1RAML\u00d3 ENERGIA - Vitadrops\" \/>\n<meta property=\"og:description\" content=\"100% tisztas\u00e1g\u00fa pr\u00e9mium olajkever\u00e9k, mely fizikai teljes\u00edt\u0151k\u00e9pess\u00e9g\u00a0n\u00f6vel\u00e9s\u00e9t t\u00e1mogat\u00f3 alapanyagokb\u00f3l hidegen sajtol\u00e1ssal el\u0151\u00e1ll\u00edtott \u00f6sszetev\u0151ket tartalmaz\" \/>\n<meta property=\"og:url\" content=\"https:\/\/vitadrops.ro\/ro\/product\/kitartas-aramlo-energia\/\" \/>\n<meta property=\"og:site_name\" content=\"Vitadrops\" \/>\n<meta property=\"article:modified_time\" content=\"2026-04-22T07:10:51+00:00\" \/>\n<meta property=\"og:image\" content=\"https:\/\/vitadrops.ro\/wp-content\/uploads\/2026\/04\/12_kitartas-scaled.png\" \/>\n\t<meta property=\"og:image:width\" content=\"2560\" \/>\n\t<meta property=\"og:image:height\" content=\"2560\" \/>\n\t<meta property=\"og:image:type\" content=\"image\/png\" \/>\n<meta name=\"twitter:card\" content=\"summary_large_image\" \/>\n<meta name=\"twitter:label1\" content=\"Timp estimat pentru citire\" \/>\n\t<meta name=\"twitter:data1\" content=\"1 minut\" \/>\n<script type=\"application\/ld+json\" class=\"yoast-schema-graph\">{\"@context\":\"https:\\\/\\\/schema.org\",\"@graph\":[{\"@type\":\"WebPage\",\"@id\":\"https:\\\/\\\/vitadrops.ro\\\/product\\\/kitartas-aramlo-energia\\\/\",\"url\":\"https:\\\/\\\/vitadrops.ro\\\/product\\\/kitartas-aramlo-energia\\\/\",\"name\":\"KITART\u00c1S \u2013 \u00c1RAML\u00d3 ENERGIA - Vitadrops\",\"isPartOf\":{\"@id\":\"https:\\\/\\\/vitadrops.ro\\\/#website\"},\"primaryImageOfPage\":{\"@id\":\"https:\\\/\\\/vitadrops.ro\\\/product\\\/kitartas-aramlo-energia\\\/#primaryimage\"},\"image\":{\"@id\":\"https:\\\/\\\/vitadrops.ro\\\/product\\\/kitartas-aramlo-energia\\\/#primaryimage\"},\"thumbnailUrl\":\"https:\\\/\\\/vitadrops.ro\\\/wp-content\\\/uploads\\\/2026\\\/04\\\/12_kitartas-scaled.png\",\"datePublished\":\"2026-04-21T19:23:14+00:00\",\"dateModified\":\"2026-04-22T07:10:51+00:00\",\"description\":\"100% tisztas\u00e1g\u00fa pr\u00e9mium olajkever\u00e9k, mely fizikai teljes\u00edt\u0151k\u00e9pess\u00e9g\u00a0n\u00f6vel\u00e9s\u00e9t t\u00e1mogat\u00f3 alapanyagokb\u00f3l hidegen sajtol\u00e1ssal el\u0151\u00e1ll\u00edtott \u00f6sszetev\u0151ket tartalmaz\",\"breadcrumb\":{\"@id\":\"https:\\\/\\\/vitadrops.ro\\\/product\\\/kitartas-aramlo-energia\\\/#breadcrumb\"},\"inLanguage\":\"ro-RO\",\"potentialAction\":[{\"@type\":\"ReadAction\",\"target\":[\"https:\\\/\\\/vitadrops.ro\\\/product\\\/kitartas-aramlo-energia\\\/\"]}]},{\"@type\":\"ImageObject\",\"inLanguage\":\"ro-RO\",\"@id\":\"https:\\\/\\\/vitadrops.ro\\\/product\\\/kitartas-aramlo-energia\\\/#primaryimage\",\"url\":\"https:\\\/\\\/vitadrops.ro\\\/wp-content\\\/uploads\\\/2026\\\/04\\\/12_kitartas-scaled.png\",\"contentUrl\":\"https:\\\/\\\/vitadrops.ro\\\/wp-content\\\/uploads\\\/2026\\\/04\\\/12_kitartas-scaled.png\",\"width\":2560,\"height\":2560,\"caption\":\"attl-drops\"},{\"@type\":\"BreadcrumbList\",\"@id\":\"https:\\\/\\\/vitadrops.ro\\\/product\\\/kitartas-aramlo-energia\\\/#breadcrumb\",\"itemListElement\":[{\"@type\":\"ListItem\",\"position\":1,\"name\":\"Kezd\u0151lap\",\"item\":\"https:\\\/\\\/vitadrops.ro\\\/\"},{\"@type\":\"ListItem\",\"position\":2,\"name\":\"Webshop\",\"item\":\"https:\\\/\\\/vitadrops.ro\\\/shop\\\/\"},{\"@type\":\"ListItem\",\"position\":3,\"name\":\"KITART\u00c1S \u2013 \u00c1RAML\u00d3 ENERGIA\"}]},{\"@type\":\"WebSite\",\"@id\":\"https:\\\/\\\/vitadrops.ro\\\/#website\",\"url\":\"https:\\\/\\\/vitadrops.ro\\\/\",\"name\":\"Vitadrops\",\"description\":\"\",\"publisher\":{\"@id\":\"https:\\\/\\\/vitadrops.ro\\\/#organization\"},\"potentialAction\":[{\"@type\":\"SearchAction\",\"target\":{\"@type\":\"EntryPoint\",\"urlTemplate\":\"https:\\\/\\\/vitadrops.ro\\\/?s={search_term_string}\"},\"query-input\":{\"@type\":\"PropertyValueSpecification\",\"valueRequired\":true,\"valueName\":\"search_term_string\"}}],\"inLanguage\":\"ro-RO\"},{\"@type\":\"Organization\",\"@id\":\"https:\\\/\\\/vitadrops.ro\\\/#organization\",\"name\":\"Vitadrops\",\"url\":\"https:\\\/\\\/vitadrops.ro\\\/\",\"logo\":{\"@type\":\"ImageObject\",\"inLanguage\":\"ro-RO\",\"@id\":\"https:\\\/\\\/vitadrops.ro\\\/#\\\/schema\\\/logo\\\/image\\\/\",\"url\":\"https:\\\/\\\/vitadrops.ro\\\/wp-content\\\/uploads\\\/2024\\\/09\\\/6.png\",\"contentUrl\":\"https:\\\/\\\/vitadrops.ro\\\/wp-content\\\/uploads\\\/2024\\\/09\\\/6.png\",\"width\":2350,\"height\":819,\"caption\":\"Vitadrops\"},\"image\":{\"@id\":\"https:\\\/\\\/vitadrops.ro\\\/#\\\/schema\\\/logo\\\/image\\\/\"}}]}<\/script>\n<!-- \/ Yoast SEO plugin. -->","yoast_head_json":{"title":"KITART\u00c1S \u2013 \u00c1RAML\u00d3 ENERGIA - Vitadrops","description":"100% tisztas\u00e1g\u00fa pr\u00e9mium olajkever\u00e9k, mely fizikai teljes\u00edt\u0151k\u00e9pess\u00e9g\u00a0n\u00f6vel\u00e9s\u00e9t t\u00e1mogat\u00f3 alapanyagokb\u00f3l hidegen sajtol\u00e1ssal el\u0151\u00e1ll\u00edtott \u00f6sszetev\u0151ket tartalmaz","robots":{"index":"index","follow":"follow","max-snippet":"max-snippet:-1","max-image-preview":"max-image-preview:large","max-video-preview":"max-video-preview:-1"},"canonical":"https:\/\/vitadrops.ro\/ro\/product\/kitartas-aramlo-energia\/","og_locale":"ro_RO","og_type":"article","og_title":"KITART\u00c1S \u2013 \u00c1RAML\u00d3 ENERGIA - Vitadrops","og_description":"100% tisztas\u00e1g\u00fa pr\u00e9mium olajkever\u00e9k, mely fizikai teljes\u00edt\u0151k\u00e9pess\u00e9g\u00a0n\u00f6vel\u00e9s\u00e9t t\u00e1mogat\u00f3 alapanyagokb\u00f3l hidegen sajtol\u00e1ssal el\u0151\u00e1ll\u00edtott \u00f6sszetev\u0151ket tartalmaz","og_url":"https:\/\/vitadrops.ro\/ro\/product\/kitartas-aramlo-energia\/","og_site_name":"Vitadrops","article_modified_time":"2026-04-22T07:10:51+00:00","og_image":[{"width":2560,"height":2560,"url":"https:\/\/vitadrops.ro\/wp-content\/uploads\/2026\/04\/12_kitartas-scaled.png","type":"image\/png"}],"twitter_card":"summary_large_image","twitter_misc":{"Timp estimat pentru citire":"1 minut"},"schema":{"@context":"https:\/\/schema.org","@graph":[{"@type":"WebPage","@id":"https:\/\/vitadrops.ro\/product\/kitartas-aramlo-energia\/","url":"https:\/\/vitadrops.ro\/product\/kitartas-aramlo-energia\/","name":"KITART\u00c1S \u2013 \u00c1RAML\u00d3 ENERGIA - Vitadrops","isPartOf":{"@id":"https:\/\/vitadrops.ro\/#website"},"primaryImageOfPage":{"@id":"https:\/\/vitadrops.ro\/product\/kitartas-aramlo-energia\/#primaryimage"},"image":{"@id":"https:\/\/vitadrops.ro\/product\/kitartas-aramlo-energia\/#primaryimage"},"thumbnailUrl":"https:\/\/vitadrops.ro\/wp-content\/uploads\/2026\/04\/12_kitartas-scaled.png","datePublished":"2026-04-21T19:23:14+00:00","dateModified":"2026-04-22T07:10:51+00:00","description":"100% tisztas\u00e1g\u00fa pr\u00e9mium olajkever\u00e9k, mely fizikai teljes\u00edt\u0151k\u00e9pess\u00e9g\u00a0n\u00f6vel\u00e9s\u00e9t t\u00e1mogat\u00f3 alapanyagokb\u00f3l hidegen sajtol\u00e1ssal el\u0151\u00e1ll\u00edtott \u00f6sszetev\u0151ket tartalmaz","breadcrumb":{"@id":"https:\/\/vitadrops.ro\/product\/kitartas-aramlo-energia\/#breadcrumb"},"inLanguage":"ro-RO","potentialAction":[{"@type":"ReadAction","target":["https:\/\/vitadrops.ro\/product\/kitartas-aramlo-energia\/"]}]},{"@type":"ImageObject","inLanguage":"ro-RO","@id":"https:\/\/vitadrops.ro\/product\/kitartas-aramlo-energia\/#primaryimage","url":"https:\/\/vitadrops.ro\/wp-content\/uploads\/2026\/04\/12_kitartas-scaled.png","contentUrl":"https:\/\/vitadrops.ro\/wp-content\/uploads\/2026\/04\/12_kitartas-scaled.png","width":2560,"height":2560,"caption":"attl-drops"},{"@type":"BreadcrumbList","@id":"https:\/\/vitadrops.ro\/product\/kitartas-aramlo-energia\/#breadcrumb","itemListElement":[{"@type":"ListItem","position":1,"name":"Kezd\u0151lap","item":"https:\/\/vitadrops.ro\/"},{"@type":"ListItem","position":2,"name":"Webshop","item":"https:\/\/vitadrops.ro\/shop\/"},{"@type":"ListItem","position":3,"name":"KITART\u00c1S \u2013 \u00c1RAML\u00d3 ENERGIA"}]},{"@type":"WebSite","@id":"https:\/\/vitadrops.ro\/#website","url":"https:\/\/vitadrops.ro\/","name":"Vitadrops","description":"","publisher":{"@id":"https:\/\/vitadrops.ro\/#organization"},"potentialAction":[{"@type":"SearchAction","target":{"@type":"EntryPoint","urlTemplate":"https:\/\/vitadrops.ro\/?s={search_term_string}"},"query-input":{"@type":"PropertyValueSpecification","valueRequired":true,"valueName":"search_term_string"}}],"inLanguage":"ro-RO"},{"@type":"Organization","@id":"https:\/\/vitadrops.ro\/#organization","name":"Vitadrops","url":"https:\/\/vitadrops.ro\/","logo":{"@type":"ImageObject","inLanguage":"ro-RO","@id":"https:\/\/vitadrops.ro\/#\/schema\/logo\/image\/","url":"https:\/\/vitadrops.ro\/wp-content\/uploads\/2024\/09\/6.png","contentUrl":"https:\/\/vitadrops.ro\/wp-content\/uploads\/2024\/09\/6.png","width":2350,"height":819,"caption":"Vitadrops"},"image":{"@id":"https:\/\/vitadrops.ro\/#\/schema\/logo\/image\/"}}]}},"_links":{"self":[{"href":"https:\/\/vitadrops.ro\/ro\/wp-json\/wp\/v2\/product\/2170","targetHints":{"allow":["GET"]}}],"collection":[{"href":"https:\/\/vitadrops.ro\/ro\/wp-json\/wp\/v2\/product"}],"about":[{"href":"https:\/\/vitadrops.ro\/ro\/wp-json\/wp\/v2\/types\/product"}],"replies":[{"embeddable":true,"href":"https:\/\/vitadrops.ro\/ro\/wp-json\/wp\/v2\/comments?post=2170"}],"wp:featuredmedia":[{"embeddable":true,"href":"https:\/\/vitadrops.ro\/ro\/wp-json\/wp\/v2\/media\/2171"}],"wp:attachment":[{"href":"https:\/\/vitadrops.ro\/ro\/wp-json\/wp\/v2\/media?parent=2170"}],"wp:term":[{"taxonomy":"product_brand","embeddable":true,"href":"https:\/\/vitadrops.ro\/ro\/wp-json\/wp\/v2\/product_brand?post=2170"},{"taxonomy":"product_cat","embeddable":true,"href":"https:\/\/vitadrops.ro\/ro\/wp-json\/wp\/v2\/product_cat?post=2170"},{"taxonomy":"product_tag","embeddable":true,"href":"https:\/\/vitadrops.ro\/ro\/wp-json\/wp\/v2\/product_tag?post=2170"}],"curies":[{"name":"wp","href":"https:\/\/api.w.org\/{rel}","templated":true}]}}