{"id":2143,"date":"2026-04-18T16:57:00","date_gmt":"2026-04-18T16:57:00","guid":{"rendered":"https:\/\/vitadrops.ro\/?post_type=product&#038;p=2143"},"modified":"2026-04-18T16:58:57","modified_gmt":"2026-04-18T16:58:57","slug":"teremtes-alkoto-orom","status":"publish","type":"product","link":"https:\/\/vitadrops.ro\/ro\/product\/teremtes-alkoto-orom\/","title":{"rendered":"CREA\u021aIE - BUCURIA CREA\u021aIEI"},"content":{"rendered":"<p>Amestec premium de uleiuri 100% pure, ob\u021binute prin presare la rece, con\u021bin\u00e2nd ingrediente care sus\u021bin cre\u0219terea vitalit\u0103\u021bii organismului.<\/p>\n<p>Etichete: antioxidant, condi\u021bie fizic\u0103, func\u021bii fizice, imunitate, func\u021bionarea mucoaselor, tonifierea organismului, sistem de ap\u0103rare<\/p>\n<p>&nbsp;<\/p>","protected":false},"excerpt":{"rendered":"<p>Amestec premium de uleiuri 100% pure, ob\u021binute prin presare la rece, con\u021bin\u00e2nd ingrediente care sus\u021bin cre\u0219terea vitalit\u0103\u021bii organismului.<\/p>\n<p>Etichete: antioxidant, condi\u021bie fizic\u0103, func\u021bii fizice, imunitate, func\u021bionarea mucoaselor, tonifierea organismului, sistem de ap\u0103rare<\/p>","protected":false},"featured_media":2132,"comment_status":"closed","ping_status":"closed","template":"","meta":{"_acf_changed":false},"product_brand":[33],"product_cat":[34],"product_tag":[77,55,79,80,101,60,82],"class_list":{"0":"post-2143","1":"product","2":"type-product","3":"status-publish","4":"has-post-thumbnail","6":"product_brand-attl-drops","7":"product_cat-premium-olajak","8":"product_tag-antioxidans","9":"product_tag-fizikai-eronlet","10":"product_tag-fizikai-funkciok","11":"product_tag-immunitas","12":"product_tag-nyalkahartya-mukodese","13":"product_tag-test-tonizalas","14":"product_tag-vedekezo-rendszer","16":"first","17":"instock","18":"shipping-taxable","19":"purchasable","20":"product-type-simple"},"acf":[],"yoast_head":"<!-- This site is optimized with the Yoast SEO plugin v27.4 - https:\/\/yoast.com\/product\/yoast-seo-wordpress\/ -->\n<title>TEREMT\u00c9S \u2013 ALKOT\u00d3 \u00d6R\u00d6M - Vitadrops<\/title>\n<meta name=\"description\" content=\"100% tisztas\u00e1g\u00fa pr\u00e9mium olajkever\u00e9k, amely vitalit\u00e1sn\u00f6vel\u00e9s\u00e9t t\u00e1mogat\u00f3 alapanyagokb\u00f3l hidegen sajtol\u00e1ssal el\u0151\u00e1ll\u00edtott \u00f6sszetev\u0151ket tartalmaz.\" \/>\n<meta name=\"robots\" content=\"index, follow, max-snippet:-1, max-image-preview:large, max-video-preview:-1\" \/>\n<link rel=\"canonical\" href=\"https:\/\/vitadrops.ro\/ro\/product\/teremtes-alkoto-orom\/\" \/>\n<meta property=\"og:locale\" content=\"ro_RO\" \/>\n<meta property=\"og:type\" content=\"article\" \/>\n<meta property=\"og:title\" content=\"TEREMT\u00c9S \u2013 ALKOT\u00d3 \u00d6R\u00d6M - Vitadrops\" \/>\n<meta property=\"og:description\" content=\"100% tisztas\u00e1g\u00fa pr\u00e9mium olajkever\u00e9k, amely vitalit\u00e1sn\u00f6vel\u00e9s\u00e9t t\u00e1mogat\u00f3 alapanyagokb\u00f3l hidegen sajtol\u00e1ssal el\u0151\u00e1ll\u00edtott \u00f6sszetev\u0151ket tartalmaz.\" \/>\n<meta property=\"og:url\" content=\"https:\/\/vitadrops.ro\/ro\/product\/teremtes-alkoto-orom\/\" \/>\n<meta property=\"og:site_name\" content=\"Vitadrops\" \/>\n<meta property=\"article:modified_time\" content=\"2026-04-18T16:58:57+00:00\" \/>\n<meta property=\"og:image\" content=\"https:\/\/vitadrops.ro\/wp-content\/uploads\/2026\/03\/9_teremtes-scaled.png\" \/>\n\t<meta property=\"og:image:width\" content=\"2560\" \/>\n\t<meta property=\"og:image:height\" content=\"2560\" \/>\n\t<meta property=\"og:image:type\" content=\"image\/png\" \/>\n<meta name=\"twitter:card\" content=\"summary_large_image\" \/>\n<meta name=\"twitter:label1\" content=\"Timp estimat pentru citire\" \/>\n\t<meta name=\"twitter:data1\" content=\"1 minut\" \/>\n<script type=\"application\/ld+json\" class=\"yoast-schema-graph\">{\"@context\":\"https:\\\/\\\/schema.org\",\"@graph\":[{\"@type\":\"WebPage\",\"@id\":\"https:\\\/\\\/vitadrops.ro\\\/product\\\/teremtes-alkoto-orom\\\/\",\"url\":\"https:\\\/\\\/vitadrops.ro\\\/product\\\/teremtes-alkoto-orom\\\/\",\"name\":\"TEREMT\u00c9S \u2013 ALKOT\u00d3 \u00d6R\u00d6M - Vitadrops\",\"isPartOf\":{\"@id\":\"https:\\\/\\\/vitadrops.ro\\\/#website\"},\"primaryImageOfPage\":{\"@id\":\"https:\\\/\\\/vitadrops.ro\\\/product\\\/teremtes-alkoto-orom\\\/#primaryimage\"},\"image\":{\"@id\":\"https:\\\/\\\/vitadrops.ro\\\/product\\\/teremtes-alkoto-orom\\\/#primaryimage\"},\"thumbnailUrl\":\"https:\\\/\\\/vitadrops.ro\\\/wp-content\\\/uploads\\\/2026\\\/03\\\/9_teremtes-scaled.png\",\"datePublished\":\"2026-04-18T16:57:00+00:00\",\"dateModified\":\"2026-04-18T16:58:57+00:00\",\"description\":\"100% tisztas\u00e1g\u00fa pr\u00e9mium olajkever\u00e9k, amely vitalit\u00e1sn\u00f6vel\u00e9s\u00e9t t\u00e1mogat\u00f3 alapanyagokb\u00f3l hidegen sajtol\u00e1ssal el\u0151\u00e1ll\u00edtott \u00f6sszetev\u0151ket tartalmaz.\",\"breadcrumb\":{\"@id\":\"https:\\\/\\\/vitadrops.ro\\\/product\\\/teremtes-alkoto-orom\\\/#breadcrumb\"},\"inLanguage\":\"ro-RO\",\"potentialAction\":[{\"@type\":\"ReadAction\",\"target\":[\"https:\\\/\\\/vitadrops.ro\\\/product\\\/teremtes-alkoto-orom\\\/\"]}]},{\"@type\":\"ImageObject\",\"inLanguage\":\"ro-RO\",\"@id\":\"https:\\\/\\\/vitadrops.ro\\\/product\\\/teremtes-alkoto-orom\\\/#primaryimage\",\"url\":\"https:\\\/\\\/vitadrops.ro\\\/wp-content\\\/uploads\\\/2026\\\/03\\\/9_teremtes-scaled.png\",\"contentUrl\":\"https:\\\/\\\/vitadrops.ro\\\/wp-content\\\/uploads\\\/2026\\\/03\\\/9_teremtes-scaled.png\",\"width\":2560,\"height\":2560,\"caption\":\"attl-drops\"},{\"@type\":\"BreadcrumbList\",\"@id\":\"https:\\\/\\\/vitadrops.ro\\\/product\\\/teremtes-alkoto-orom\\\/#breadcrumb\",\"itemListElement\":[{\"@type\":\"ListItem\",\"position\":1,\"name\":\"Kezd\u0151lap\",\"item\":\"https:\\\/\\\/vitadrops.ro\\\/\"},{\"@type\":\"ListItem\",\"position\":2,\"name\":\"Webshop\",\"item\":\"https:\\\/\\\/vitadrops.ro\\\/shop\\\/\"},{\"@type\":\"ListItem\",\"position\":3,\"name\":\"TEREMT\u00c9S \u2013 ALKOT\u00d3 \u00d6R\u00d6M\"}]},{\"@type\":\"WebSite\",\"@id\":\"https:\\\/\\\/vitadrops.ro\\\/#website\",\"url\":\"https:\\\/\\\/vitadrops.ro\\\/\",\"name\":\"Vitadrops\",\"description\":\"\",\"publisher\":{\"@id\":\"https:\\\/\\\/vitadrops.ro\\\/#organization\"},\"potentialAction\":[{\"@type\":\"SearchAction\",\"target\":{\"@type\":\"EntryPoint\",\"urlTemplate\":\"https:\\\/\\\/vitadrops.ro\\\/?s={search_term_string}\"},\"query-input\":{\"@type\":\"PropertyValueSpecification\",\"valueRequired\":true,\"valueName\":\"search_term_string\"}}],\"inLanguage\":\"ro-RO\"},{\"@type\":\"Organization\",\"@id\":\"https:\\\/\\\/vitadrops.ro\\\/#organization\",\"name\":\"Vitadrops\",\"url\":\"https:\\\/\\\/vitadrops.ro\\\/\",\"logo\":{\"@type\":\"ImageObject\",\"inLanguage\":\"ro-RO\",\"@id\":\"https:\\\/\\\/vitadrops.ro\\\/#\\\/schema\\\/logo\\\/image\\\/\",\"url\":\"https:\\\/\\\/vitadrops.ro\\\/wp-content\\\/uploads\\\/2024\\\/09\\\/6.png\",\"contentUrl\":\"https:\\\/\\\/vitadrops.ro\\\/wp-content\\\/uploads\\\/2024\\\/09\\\/6.png\",\"width\":2350,\"height\":819,\"caption\":\"Vitadrops\"},\"image\":{\"@id\":\"https:\\\/\\\/vitadrops.ro\\\/#\\\/schema\\\/logo\\\/image\\\/\"}}]}<\/script>\n<!-- \/ Yoast SEO plugin. -->","yoast_head_json":{"title":"TEREMT\u00c9S \u2013 ALKOT\u00d3 \u00d6R\u00d6M - Vitadrops","description":"Amestec premium de uleiuri 100% pure, ob\u021binute prin presare la rece, con\u021bin\u00e2nd ingrediente care sus\u021bin cre\u0219terea vitalit\u0103\u021bii organismului.","robots":{"index":"index","follow":"follow","max-snippet":"max-snippet:-1","max-image-preview":"max-image-preview:large","max-video-preview":"max-video-preview:-1"},"canonical":"https:\/\/vitadrops.ro\/ro\/product\/teremtes-alkoto-orom\/","og_locale":"ro_RO","og_type":"article","og_title":"TEREMT\u00c9S \u2013 ALKOT\u00d3 \u00d6R\u00d6M - Vitadrops","og_description":"100% tisztas\u00e1g\u00fa pr\u00e9mium olajkever\u00e9k, amely vitalit\u00e1sn\u00f6vel\u00e9s\u00e9t t\u00e1mogat\u00f3 alapanyagokb\u00f3l hidegen sajtol\u00e1ssal el\u0151\u00e1ll\u00edtott \u00f6sszetev\u0151ket tartalmaz.","og_url":"https:\/\/vitadrops.ro\/ro\/product\/teremtes-alkoto-orom\/","og_site_name":"Vitadrops","article_modified_time":"2026-04-18T16:58:57+00:00","og_image":[{"width":2560,"height":2560,"url":"https:\/\/vitadrops.ro\/wp-content\/uploads\/2026\/03\/9_teremtes-scaled.png","type":"image\/png"}],"twitter_card":"summary_large_image","twitter_misc":{"Timp estimat pentru citire":"1 minut"},"schema":{"@context":"https:\/\/schema.org","@graph":[{"@type":"WebPage","@id":"https:\/\/vitadrops.ro\/product\/teremtes-alkoto-orom\/","url":"https:\/\/vitadrops.ro\/product\/teremtes-alkoto-orom\/","name":"TEREMT\u00c9S \u2013 ALKOT\u00d3 \u00d6R\u00d6M - Vitadrops","isPartOf":{"@id":"https:\/\/vitadrops.ro\/#website"},"primaryImageOfPage":{"@id":"https:\/\/vitadrops.ro\/product\/teremtes-alkoto-orom\/#primaryimage"},"image":{"@id":"https:\/\/vitadrops.ro\/product\/teremtes-alkoto-orom\/#primaryimage"},"thumbnailUrl":"https:\/\/vitadrops.ro\/wp-content\/uploads\/2026\/03\/9_teremtes-scaled.png","datePublished":"2026-04-18T16:57:00+00:00","dateModified":"2026-04-18T16:58:57+00:00","description":"Amestec premium de uleiuri 100% pure, ob\u021binute prin presare la rece, con\u021bin\u00e2nd ingrediente care sus\u021bin cre\u0219terea vitalit\u0103\u021bii organismului.","breadcrumb":{"@id":"https:\/\/vitadrops.ro\/product\/teremtes-alkoto-orom\/#breadcrumb"},"inLanguage":"ro-RO","potentialAction":[{"@type":"ReadAction","target":["https:\/\/vitadrops.ro\/product\/teremtes-alkoto-orom\/"]}]},{"@type":"ImageObject","inLanguage":"ro-RO","@id":"https:\/\/vitadrops.ro\/product\/teremtes-alkoto-orom\/#primaryimage","url":"https:\/\/vitadrops.ro\/wp-content\/uploads\/2026\/03\/9_teremtes-scaled.png","contentUrl":"https:\/\/vitadrops.ro\/wp-content\/uploads\/2026\/03\/9_teremtes-scaled.png","width":2560,"height":2560,"caption":"attl-drops"},{"@type":"BreadcrumbList","@id":"https:\/\/vitadrops.ro\/product\/teremtes-alkoto-orom\/#breadcrumb","itemListElement":[{"@type":"ListItem","position":1,"name":"Kezd\u0151lap","item":"https:\/\/vitadrops.ro\/"},{"@type":"ListItem","position":2,"name":"Webshop","item":"https:\/\/vitadrops.ro\/shop\/"},{"@type":"ListItem","position":3,"name":"TEREMT\u00c9S \u2013 ALKOT\u00d3 \u00d6R\u00d6M"}]},{"@type":"WebSite","@id":"https:\/\/vitadrops.ro\/#website","url":"https:\/\/vitadrops.ro\/","name":"Vitadrops","description":"","publisher":{"@id":"https:\/\/vitadrops.ro\/#organization"},"potentialAction":[{"@type":"SearchAction","target":{"@type":"EntryPoint","urlTemplate":"https:\/\/vitadrops.ro\/?s={search_term_string}"},"query-input":{"@type":"PropertyValueSpecification","valueRequired":true,"valueName":"search_term_string"}}],"inLanguage":"ro-RO"},{"@type":"Organization","@id":"https:\/\/vitadrops.ro\/#organization","name":"Vitadrops","url":"https:\/\/vitadrops.ro\/","logo":{"@type":"ImageObject","inLanguage":"ro-RO","@id":"https:\/\/vitadrops.ro\/#\/schema\/logo\/image\/","url":"https:\/\/vitadrops.ro\/wp-content\/uploads\/2024\/09\/6.png","contentUrl":"https:\/\/vitadrops.ro\/wp-content\/uploads\/2024\/09\/6.png","width":2350,"height":819,"caption":"Vitadrops"},"image":{"@id":"https:\/\/vitadrops.ro\/#\/schema\/logo\/image\/"}}]}},"_links":{"self":[{"href":"https:\/\/vitadrops.ro\/ro\/wp-json\/wp\/v2\/product\/2143","targetHints":{"allow":["GET"]}}],"collection":[{"href":"https:\/\/vitadrops.ro\/ro\/wp-json\/wp\/v2\/product"}],"about":[{"href":"https:\/\/vitadrops.ro\/ro\/wp-json\/wp\/v2\/types\/product"}],"replies":[{"embeddable":true,"href":"https:\/\/vitadrops.ro\/ro\/wp-json\/wp\/v2\/comments?post=2143"}],"wp:featuredmedia":[{"embeddable":true,"href":"https:\/\/vitadrops.ro\/ro\/wp-json\/wp\/v2\/media\/2132"}],"wp:attachment":[{"href":"https:\/\/vitadrops.ro\/ro\/wp-json\/wp\/v2\/media?parent=2143"}],"wp:term":[{"taxonomy":"product_brand","embeddable":true,"href":"https:\/\/vitadrops.ro\/ro\/wp-json\/wp\/v2\/product_brand?post=2143"},{"taxonomy":"product_cat","embeddable":true,"href":"https:\/\/vitadrops.ro\/ro\/wp-json\/wp\/v2\/product_cat?post=2143"},{"taxonomy":"product_tag","embeddable":true,"href":"https:\/\/vitadrops.ro\/ro\/wp-json\/wp\/v2\/product_tag?post=2143"}],"curies":[{"name":"wp","href":"https:\/\/api.w.org\/{rel}","templated":true}]}}