{"id":2140,"date":"2026-04-18T16:46:44","date_gmt":"2026-04-18T16:46:44","guid":{"rendered":"https:\/\/vitadrops.ro\/?post_type=product&#038;p=2140"},"modified":"2026-04-18T16:50:03","modified_gmt":"2026-04-18T16:50:03","slug":"novekedes-csirazo-mag","status":"publish","type":"product","link":"https:\/\/vitadrops.ro\/ro\/product\/novekedes-csirazo-mag\/","title":{"rendered":"CRE\u0218TERE - SEMIN\u021aE \u00ceN COL\u021aIRE"},"content":{"rendered":"<p>Amestec premium de uleiuri 100% pure, ob\u021binute prin presare la rece, con\u021bin\u00e2nd ingrediente care sus\u021bin func\u021bionarea organismului \u00een dezvoltare \u0219i \u00een perioada sarcinii.<\/p>\n<p>Etichete: antioxidant, s\u0103n\u0103tatea pielii, organism \u00een dezvoltare, cre\u0219terea p\u0103rului, s\u0103n\u0103tatea mu\u0219chilor, s\u0103n\u0103tatea articula\u021biilor, s\u0103n\u0103tatea femeii, sarcin\u0103, reglarea greut\u0103\u021bii, maternitate<\/p>\n<p>&nbsp;<\/p>","protected":false},"excerpt":{"rendered":"<p>Amestec premium de uleiuri 100% pure, ob\u021binute prin presare la rece, con\u021bin\u00e2nd ingrediente care sus\u021bin func\u021bionarea organismului \u00een dezvoltare \u0219i \u00een perioada sarcinii.<\/p>\n<p>Etichete: antioxidant, s\u0103n\u0103tatea pielii, organism \u00een dezvoltare, cre\u0219terea p\u0103rului, s\u0103n\u0103tatea mu\u0219chilor, s\u0103n\u0103tatea articula\u021biilor, s\u0103n\u0103tatea femeii, sarcin\u0103, reglarea greut\u0103\u021bii, maternitate<\/p>","protected":false},"featured_media":2129,"comment_status":"closed","ping_status":"closed","template":"","meta":{"_acf_changed":false},"product_brand":[33],"product_cat":[34],"product_tag":[77,83,84,56,37,38,59,85,86,87],"class_list":{"0":"post-2140","1":"product","2":"type-product","3":"status-publish","4":"has-post-thumbnail","6":"product_brand-attl-drops","7":"product_cat-premium-olajak","8":"product_tag-antioxidans","9":"product_tag-bor-egeszsege","10":"product_tag-fejlodesben-levo-szervezet","11":"product_tag-hajnovekedes","12":"product_tag-izmok-egeszsege","13":"product_tag-izuletek-egeszsege","14":"product_tag-noi-egeszseg","15":"product_tag-terhesseg","16":"product_tag-testsuly-szabalyozas","17":"product_tag-varandossag","19":"first","20":"instock","21":"shipping-taxable","22":"purchasable","23":"product-type-simple"},"acf":[],"yoast_head":"<!-- This site is optimized with the Yoast SEO plugin v27.4 - https:\/\/yoast.com\/product\/yoast-seo-wordpress\/ -->\n<title>N\u00d6VEKED\u00c9S \u2013 CS\u00cdR\u00c1Z\u00d3 MAG - Vitadrops<\/title>\n<meta name=\"description\" content=\"100% tisztas\u00e1g\u00fa pr\u00e9mium olajkever\u00e9k, mely fejl\u0151d\u00e9sben \u00e9s v\u00e1rand\u00f3s \u00e1llapotban l\u00e9v\u0151 szervezet m\u0171k\u00f6d\u00e9s\u00e9t\u00a0t\u00e1mogat\u00f3 alapanyagokb\u00f3l hidegen sajtol\u00e1ssal el\u0151\u00e1ll\u00edtott \u00f6sszetev\u0151ket tartalmaz.\" \/>\n<meta name=\"robots\" content=\"index, follow, max-snippet:-1, max-image-preview:large, max-video-preview:-1\" \/>\n<link rel=\"canonical\" href=\"https:\/\/vitadrops.ro\/ro\/product\/novekedes-csirazo-mag\/\" \/>\n<meta property=\"og:locale\" content=\"ro_RO\" \/>\n<meta property=\"og:type\" content=\"article\" \/>\n<meta property=\"og:title\" content=\"N\u00d6VEKED\u00c9S \u2013 CS\u00cdR\u00c1Z\u00d3 MAG - Vitadrops\" \/>\n<meta property=\"og:description\" content=\"100% tisztas\u00e1g\u00fa pr\u00e9mium olajkever\u00e9k, mely fejl\u0151d\u00e9sben \u00e9s v\u00e1rand\u00f3s \u00e1llapotban l\u00e9v\u0151 szervezet m\u0171k\u00f6d\u00e9s\u00e9t\u00a0t\u00e1mogat\u00f3 alapanyagokb\u00f3l hidegen sajtol\u00e1ssal el\u0151\u00e1ll\u00edtott \u00f6sszetev\u0151ket tartalmaz.\" \/>\n<meta property=\"og:url\" content=\"https:\/\/vitadrops.ro\/ro\/product\/novekedes-csirazo-mag\/\" \/>\n<meta property=\"og:site_name\" content=\"Vitadrops\" \/>\n<meta property=\"article:modified_time\" content=\"2026-04-18T16:50:03+00:00\" \/>\n<meta property=\"og:image\" content=\"https:\/\/vitadrops.ro\/wp-content\/uploads\/2026\/03\/6_novekedes_terhesseg-scaled.png\" \/>\n\t<meta property=\"og:image:width\" content=\"2560\" \/>\n\t<meta property=\"og:image:height\" content=\"2560\" \/>\n\t<meta property=\"og:image:type\" content=\"image\/png\" \/>\n<meta name=\"twitter:card\" content=\"summary_large_image\" \/>\n<meta name=\"twitter:label1\" content=\"Timp estimat pentru citire\" \/>\n\t<meta name=\"twitter:data1\" content=\"1 minut\" \/>\n<script type=\"application\/ld+json\" class=\"yoast-schema-graph\">{\"@context\":\"https:\\\/\\\/schema.org\",\"@graph\":[{\"@type\":\"WebPage\",\"@id\":\"https:\\\/\\\/vitadrops.ro\\\/product\\\/novekedes-csirazo-mag\\\/\",\"url\":\"https:\\\/\\\/vitadrops.ro\\\/product\\\/novekedes-csirazo-mag\\\/\",\"name\":\"N\u00d6VEKED\u00c9S \u2013 CS\u00cdR\u00c1Z\u00d3 MAG - Vitadrops\",\"isPartOf\":{\"@id\":\"https:\\\/\\\/vitadrops.ro\\\/#website\"},\"primaryImageOfPage\":{\"@id\":\"https:\\\/\\\/vitadrops.ro\\\/product\\\/novekedes-csirazo-mag\\\/#primaryimage\"},\"image\":{\"@id\":\"https:\\\/\\\/vitadrops.ro\\\/product\\\/novekedes-csirazo-mag\\\/#primaryimage\"},\"thumbnailUrl\":\"https:\\\/\\\/vitadrops.ro\\\/wp-content\\\/uploads\\\/2026\\\/03\\\/6_novekedes_terhesseg-scaled.png\",\"datePublished\":\"2026-04-18T16:46:44+00:00\",\"dateModified\":\"2026-04-18T16:50:03+00:00\",\"description\":\"100% tisztas\u00e1g\u00fa pr\u00e9mium olajkever\u00e9k, mely fejl\u0151d\u00e9sben \u00e9s v\u00e1rand\u00f3s \u00e1llapotban l\u00e9v\u0151 szervezet m\u0171k\u00f6d\u00e9s\u00e9t\u00a0t\u00e1mogat\u00f3 alapanyagokb\u00f3l hidegen sajtol\u00e1ssal el\u0151\u00e1ll\u00edtott \u00f6sszetev\u0151ket tartalmaz.\",\"breadcrumb\":{\"@id\":\"https:\\\/\\\/vitadrops.ro\\\/product\\\/novekedes-csirazo-mag\\\/#breadcrumb\"},\"inLanguage\":\"ro-RO\",\"potentialAction\":[{\"@type\":\"ReadAction\",\"target\":[\"https:\\\/\\\/vitadrops.ro\\\/product\\\/novekedes-csirazo-mag\\\/\"]}]},{\"@type\":\"ImageObject\",\"inLanguage\":\"ro-RO\",\"@id\":\"https:\\\/\\\/vitadrops.ro\\\/product\\\/novekedes-csirazo-mag\\\/#primaryimage\",\"url\":\"https:\\\/\\\/vitadrops.ro\\\/wp-content\\\/uploads\\\/2026\\\/03\\\/6_novekedes_terhesseg-scaled.png\",\"contentUrl\":\"https:\\\/\\\/vitadrops.ro\\\/wp-content\\\/uploads\\\/2026\\\/03\\\/6_novekedes_terhesseg-scaled.png\",\"width\":2560,\"height\":2560,\"caption\":\"attl-drops\"},{\"@type\":\"BreadcrumbList\",\"@id\":\"https:\\\/\\\/vitadrops.ro\\\/product\\\/novekedes-csirazo-mag\\\/#breadcrumb\",\"itemListElement\":[{\"@type\":\"ListItem\",\"position\":1,\"name\":\"Kezd\u0151lap\",\"item\":\"https:\\\/\\\/vitadrops.ro\\\/\"},{\"@type\":\"ListItem\",\"position\":2,\"name\":\"Webshop\",\"item\":\"https:\\\/\\\/vitadrops.ro\\\/shop\\\/\"},{\"@type\":\"ListItem\",\"position\":3,\"name\":\"N\u00d6VEKED\u00c9S \u2013 CS\u00cdR\u00c1Z\u00d3 MAG\"}]},{\"@type\":\"WebSite\",\"@id\":\"https:\\\/\\\/vitadrops.ro\\\/#website\",\"url\":\"https:\\\/\\\/vitadrops.ro\\\/\",\"name\":\"Vitadrops\",\"description\":\"\",\"publisher\":{\"@id\":\"https:\\\/\\\/vitadrops.ro\\\/#organization\"},\"potentialAction\":[{\"@type\":\"SearchAction\",\"target\":{\"@type\":\"EntryPoint\",\"urlTemplate\":\"https:\\\/\\\/vitadrops.ro\\\/?s={search_term_string}\"},\"query-input\":{\"@type\":\"PropertyValueSpecification\",\"valueRequired\":true,\"valueName\":\"search_term_string\"}}],\"inLanguage\":\"ro-RO\"},{\"@type\":\"Organization\",\"@id\":\"https:\\\/\\\/vitadrops.ro\\\/#organization\",\"name\":\"Vitadrops\",\"url\":\"https:\\\/\\\/vitadrops.ro\\\/\",\"logo\":{\"@type\":\"ImageObject\",\"inLanguage\":\"ro-RO\",\"@id\":\"https:\\\/\\\/vitadrops.ro\\\/#\\\/schema\\\/logo\\\/image\\\/\",\"url\":\"https:\\\/\\\/vitadrops.ro\\\/wp-content\\\/uploads\\\/2024\\\/09\\\/6.png\",\"contentUrl\":\"https:\\\/\\\/vitadrops.ro\\\/wp-content\\\/uploads\\\/2024\\\/09\\\/6.png\",\"width\":2350,\"height\":819,\"caption\":\"Vitadrops\"},\"image\":{\"@id\":\"https:\\\/\\\/vitadrops.ro\\\/#\\\/schema\\\/logo\\\/image\\\/\"}}]}<\/script>\n<!-- \/ Yoast SEO plugin. -->","yoast_head_json":{"title":"N\u00d6VEKED\u00c9S \u2013 CS\u00cdR\u00c1Z\u00d3 MAG - Vitadrops","description":"Amestec premium de uleiuri 100% pure, ob\u021binute prin presare la rece, con\u021bin\u00e2nd ingrediente care sus\u021bin func\u021bionarea organismului \u00een dezvoltare \u0219i \u00een perioada sarcinii.","robots":{"index":"index","follow":"follow","max-snippet":"max-snippet:-1","max-image-preview":"max-image-preview:large","max-video-preview":"max-video-preview:-1"},"canonical":"https:\/\/vitadrops.ro\/ro\/product\/novekedes-csirazo-mag\/","og_locale":"ro_RO","og_type":"article","og_title":"N\u00d6VEKED\u00c9S \u2013 CS\u00cdR\u00c1Z\u00d3 MAG - Vitadrops","og_description":"100% tisztas\u00e1g\u00fa pr\u00e9mium olajkever\u00e9k, mely fejl\u0151d\u00e9sben \u00e9s v\u00e1rand\u00f3s \u00e1llapotban l\u00e9v\u0151 szervezet m\u0171k\u00f6d\u00e9s\u00e9t\u00a0t\u00e1mogat\u00f3 alapanyagokb\u00f3l hidegen sajtol\u00e1ssal el\u0151\u00e1ll\u00edtott \u00f6sszetev\u0151ket tartalmaz.","og_url":"https:\/\/vitadrops.ro\/ro\/product\/novekedes-csirazo-mag\/","og_site_name":"Vitadrops","article_modified_time":"2026-04-18T16:50:03+00:00","og_image":[{"width":2560,"height":2560,"url":"https:\/\/vitadrops.ro\/wp-content\/uploads\/2026\/03\/6_novekedes_terhesseg-scaled.png","type":"image\/png"}],"twitter_card":"summary_large_image","twitter_misc":{"Timp estimat pentru citire":"1 minut"},"schema":{"@context":"https:\/\/schema.org","@graph":[{"@type":"WebPage","@id":"https:\/\/vitadrops.ro\/product\/novekedes-csirazo-mag\/","url":"https:\/\/vitadrops.ro\/product\/novekedes-csirazo-mag\/","name":"N\u00d6VEKED\u00c9S \u2013 CS\u00cdR\u00c1Z\u00d3 MAG - Vitadrops","isPartOf":{"@id":"https:\/\/vitadrops.ro\/#website"},"primaryImageOfPage":{"@id":"https:\/\/vitadrops.ro\/product\/novekedes-csirazo-mag\/#primaryimage"},"image":{"@id":"https:\/\/vitadrops.ro\/product\/novekedes-csirazo-mag\/#primaryimage"},"thumbnailUrl":"https:\/\/vitadrops.ro\/wp-content\/uploads\/2026\/03\/6_novekedes_terhesseg-scaled.png","datePublished":"2026-04-18T16:46:44+00:00","dateModified":"2026-04-18T16:50:03+00:00","description":"Amestec premium de uleiuri 100% pure, ob\u021binute prin presare la rece, con\u021bin\u00e2nd ingrediente care sus\u021bin func\u021bionarea organismului \u00een dezvoltare \u0219i \u00een perioada sarcinii.","breadcrumb":{"@id":"https:\/\/vitadrops.ro\/product\/novekedes-csirazo-mag\/#breadcrumb"},"inLanguage":"ro-RO","potentialAction":[{"@type":"ReadAction","target":["https:\/\/vitadrops.ro\/product\/novekedes-csirazo-mag\/"]}]},{"@type":"ImageObject","inLanguage":"ro-RO","@id":"https:\/\/vitadrops.ro\/product\/novekedes-csirazo-mag\/#primaryimage","url":"https:\/\/vitadrops.ro\/wp-content\/uploads\/2026\/03\/6_novekedes_terhesseg-scaled.png","contentUrl":"https:\/\/vitadrops.ro\/wp-content\/uploads\/2026\/03\/6_novekedes_terhesseg-scaled.png","width":2560,"height":2560,"caption":"attl-drops"},{"@type":"BreadcrumbList","@id":"https:\/\/vitadrops.ro\/product\/novekedes-csirazo-mag\/#breadcrumb","itemListElement":[{"@type":"ListItem","position":1,"name":"Kezd\u0151lap","item":"https:\/\/vitadrops.ro\/"},{"@type":"ListItem","position":2,"name":"Webshop","item":"https:\/\/vitadrops.ro\/shop\/"},{"@type":"ListItem","position":3,"name":"N\u00d6VEKED\u00c9S \u2013 CS\u00cdR\u00c1Z\u00d3 MAG"}]},{"@type":"WebSite","@id":"https:\/\/vitadrops.ro\/#website","url":"https:\/\/vitadrops.ro\/","name":"Vitadrops","description":"","publisher":{"@id":"https:\/\/vitadrops.ro\/#organization"},"potentialAction":[{"@type":"SearchAction","target":{"@type":"EntryPoint","urlTemplate":"https:\/\/vitadrops.ro\/?s={search_term_string}"},"query-input":{"@type":"PropertyValueSpecification","valueRequired":true,"valueName":"search_term_string"}}],"inLanguage":"ro-RO"},{"@type":"Organization","@id":"https:\/\/vitadrops.ro\/#organization","name":"Vitadrops","url":"https:\/\/vitadrops.ro\/","logo":{"@type":"ImageObject","inLanguage":"ro-RO","@id":"https:\/\/vitadrops.ro\/#\/schema\/logo\/image\/","url":"https:\/\/vitadrops.ro\/wp-content\/uploads\/2024\/09\/6.png","contentUrl":"https:\/\/vitadrops.ro\/wp-content\/uploads\/2024\/09\/6.png","width":2350,"height":819,"caption":"Vitadrops"},"image":{"@id":"https:\/\/vitadrops.ro\/#\/schema\/logo\/image\/"}}]}},"_links":{"self":[{"href":"https:\/\/vitadrops.ro\/ro\/wp-json\/wp\/v2\/product\/2140","targetHints":{"allow":["GET"]}}],"collection":[{"href":"https:\/\/vitadrops.ro\/ro\/wp-json\/wp\/v2\/product"}],"about":[{"href":"https:\/\/vitadrops.ro\/ro\/wp-json\/wp\/v2\/types\/product"}],"replies":[{"embeddable":true,"href":"https:\/\/vitadrops.ro\/ro\/wp-json\/wp\/v2\/comments?post=2140"}],"wp:featuredmedia":[{"embeddable":true,"href":"https:\/\/vitadrops.ro\/ro\/wp-json\/wp\/v2\/media\/2129"}],"wp:attachment":[{"href":"https:\/\/vitadrops.ro\/ro\/wp-json\/wp\/v2\/media?parent=2140"}],"wp:term":[{"taxonomy":"product_brand","embeddable":true,"href":"https:\/\/vitadrops.ro\/ro\/wp-json\/wp\/v2\/product_brand?post=2140"},{"taxonomy":"product_cat","embeddable":true,"href":"https:\/\/vitadrops.ro\/ro\/wp-json\/wp\/v2\/product_cat?post=2140"},{"taxonomy":"product_tag","embeddable":true,"href":"https:\/\/vitadrops.ro\/ro\/wp-json\/wp\/v2\/product_tag?post=2140"}],"curies":[{"name":"wp","href":"https:\/\/api.w.org\/{rel}","templated":true}]}}