{"id":2135,"date":"2026-04-18T16:10:56","date_gmt":"2026-04-18T16:10:56","guid":{"rendered":"https:\/\/vitadrops.ro\/?post_type=product&#038;p=2135"},"modified":"2026-04-18T16:29:54","modified_gmt":"2026-04-18T16:29:54","slug":"elengedes-szabad-lelek","status":"publish","type":"product","link":"https:\/\/vitadrops.ro\/ro\/product\/elengedes-szabad-lelek\/","title":{"rendered":"ELIBERARE \u2013 SUFLET LIBER"},"content":{"rendered":"<p>Amestec premium de ulei 100% puri, ob\u021binu\u021bi prin presare la rece, din ingrediente care sus\u021bin func\u021bionarea sistemului digestiv.<\/p>\n<p>Etichete: metabolism, s\u0103n\u0103tatea intestinelor, stimularea digestiei, sistem digestiv, apetit, efect antispastic, eliminarea toxinelor, reducerea balon\u0103rii, absorb\u021bia nutrien\u021bilor<\/p>\n<p>&nbsp;<\/p>","protected":false},"excerpt":{"rendered":"<p>Amestec premium de ulei 100% puri, ob\u021binu\u021bi prin presare la rece, din ingrediente care sus\u021bin func\u021bionarea sistemului digestiv.<\/p>\n<p>Etichete: metabolism, s\u0103n\u0103tatea intestinelor, stimularea digestiei, sistem digestiv, apetit, efect antispastic, eliminarea toxinelor, reducerea balon\u0103rii, absorb\u021bia nutrien\u021bilor<\/p>","protected":false},"featured_media":2124,"comment_status":"closed","ping_status":"closed","template":"","meta":{"_acf_changed":false},"product_brand":[33],"product_cat":[34],"product_tag":[43,44,45,46,47,49,50,48,51],"class_list":{"0":"post-2135","1":"product","2":"type-product","3":"status-publish","4":"has-post-thumbnail","6":"product_brand-attl-drops","7":"product_cat-premium-olajak","8":"product_tag-anyagcsere","9":"product_tag-bel-egeszsege","10":"product_tag-emesztes-serkentese","11":"product_tag-emesztorendszer","12":"product_tag-etvagy","13":"product_tag-mereganyag-urites","14":"product_tag-puffadas-enyhitese","15":"product_tag-rgorcsoldas","16":"product_tag-tapanyag-felszivodas","18":"first","19":"instock","20":"shipping-taxable","21":"purchasable","22":"product-type-simple"},"acf":[],"yoast_head":"<!-- This site is optimized with the Yoast SEO plugin v27.4 - https:\/\/yoast.com\/product\/yoast-seo-wordpress\/ -->\n<title>ELENGED\u00c9S \u2013 SZABAD L\u00c9LEK - Vitadrops<\/title>\n<meta name=\"description\" content=\"100% tisztas\u00e1g\u00fa pr\u00e9mium olajkever\u00e9k, amely az em\u00e9szt\u0151rendszer m\u0171k\u00f6d\u00e9s\u00e9t t\u00e1mogat\u00f3 alapanyagokb\u00f3l hidegen sajtol\u00e1ssal el\u0151\u00e1ll\u00edtott \u00f6sszetev\u0151ket tartalmaz.\" \/>\n<meta name=\"robots\" content=\"index, follow, max-snippet:-1, max-image-preview:large, max-video-preview:-1\" \/>\n<link rel=\"canonical\" href=\"https:\/\/vitadrops.ro\/ro\/product\/elengedes-szabad-lelek\/\" \/>\n<meta property=\"og:locale\" content=\"ro_RO\" \/>\n<meta property=\"og:type\" content=\"article\" \/>\n<meta property=\"og:title\" content=\"ELENGED\u00c9S \u2013 SZABAD L\u00c9LEK - Vitadrops\" \/>\n<meta property=\"og:description\" content=\"100% tisztas\u00e1g\u00fa pr\u00e9mium olajkever\u00e9k, amely az em\u00e9szt\u0151rendszer m\u0171k\u00f6d\u00e9s\u00e9t t\u00e1mogat\u00f3 alapanyagokb\u00f3l hidegen sajtol\u00e1ssal el\u0151\u00e1ll\u00edtott \u00f6sszetev\u0151ket tartalmaz.\" \/>\n<meta property=\"og:url\" content=\"https:\/\/vitadrops.ro\/ro\/product\/elengedes-szabad-lelek\/\" \/>\n<meta property=\"og:site_name\" content=\"Vitadrops\" \/>\n<meta property=\"article:modified_time\" content=\"2026-04-18T16:29:54+00:00\" \/>\n<meta property=\"og:image\" content=\"https:\/\/vitadrops.ro\/wp-content\/uploads\/2026\/03\/1_elengedes-scaled.png\" \/>\n\t<meta property=\"og:image:width\" content=\"2560\" \/>\n\t<meta property=\"og:image:height\" content=\"2560\" \/>\n\t<meta property=\"og:image:type\" content=\"image\/png\" \/>\n<meta name=\"twitter:card\" content=\"summary_large_image\" \/>\n<meta name=\"twitter:label1\" content=\"Timp estimat pentru citire\" \/>\n\t<meta name=\"twitter:data1\" content=\"1 minut\" \/>\n<script type=\"application\/ld+json\" class=\"yoast-schema-graph\">{\"@context\":\"https:\\\/\\\/schema.org\",\"@graph\":[{\"@type\":\"WebPage\",\"@id\":\"https:\\\/\\\/vitadrops.ro\\\/product\\\/elengedes-szabad-lelek\\\/\",\"url\":\"https:\\\/\\\/vitadrops.ro\\\/product\\\/elengedes-szabad-lelek\\\/\",\"name\":\"ELENGED\u00c9S \u2013 SZABAD L\u00c9LEK - Vitadrops\",\"isPartOf\":{\"@id\":\"https:\\\/\\\/vitadrops.ro\\\/#website\"},\"primaryImageOfPage\":{\"@id\":\"https:\\\/\\\/vitadrops.ro\\\/product\\\/elengedes-szabad-lelek\\\/#primaryimage\"},\"image\":{\"@id\":\"https:\\\/\\\/vitadrops.ro\\\/product\\\/elengedes-szabad-lelek\\\/#primaryimage\"},\"thumbnailUrl\":\"https:\\\/\\\/vitadrops.ro\\\/wp-content\\\/uploads\\\/2026\\\/03\\\/1_elengedes-scaled.png\",\"datePublished\":\"2026-04-18T16:10:56+00:00\",\"dateModified\":\"2026-04-18T16:29:54+00:00\",\"description\":\"100% tisztas\u00e1g\u00fa pr\u00e9mium olajkever\u00e9k, amely az em\u00e9szt\u0151rendszer m\u0171k\u00f6d\u00e9s\u00e9t t\u00e1mogat\u00f3 alapanyagokb\u00f3l hidegen sajtol\u00e1ssal el\u0151\u00e1ll\u00edtott \u00f6sszetev\u0151ket tartalmaz.\",\"breadcrumb\":{\"@id\":\"https:\\\/\\\/vitadrops.ro\\\/product\\\/elengedes-szabad-lelek\\\/#breadcrumb\"},\"inLanguage\":\"ro-RO\",\"potentialAction\":[{\"@type\":\"ReadAction\",\"target\":[\"https:\\\/\\\/vitadrops.ro\\\/product\\\/elengedes-szabad-lelek\\\/\"]}]},{\"@type\":\"ImageObject\",\"inLanguage\":\"ro-RO\",\"@id\":\"https:\\\/\\\/vitadrops.ro\\\/product\\\/elengedes-szabad-lelek\\\/#primaryimage\",\"url\":\"https:\\\/\\\/vitadrops.ro\\\/wp-content\\\/uploads\\\/2026\\\/03\\\/1_elengedes-scaled.png\",\"contentUrl\":\"https:\\\/\\\/vitadrops.ro\\\/wp-content\\\/uploads\\\/2026\\\/03\\\/1_elengedes-scaled.png\",\"width\":2560,\"height\":2560,\"caption\":\"attl-drops\"},{\"@type\":\"BreadcrumbList\",\"@id\":\"https:\\\/\\\/vitadrops.ro\\\/product\\\/elengedes-szabad-lelek\\\/#breadcrumb\",\"itemListElement\":[{\"@type\":\"ListItem\",\"position\":1,\"name\":\"Kezd\u0151lap\",\"item\":\"https:\\\/\\\/vitadrops.ro\\\/\"},{\"@type\":\"ListItem\",\"position\":2,\"name\":\"Webshop\",\"item\":\"https:\\\/\\\/vitadrops.ro\\\/shop\\\/\"},{\"@type\":\"ListItem\",\"position\":3,\"name\":\"ELENGED\u00c9S \u2013 SZABAD L\u00c9LEK\"}]},{\"@type\":\"WebSite\",\"@id\":\"https:\\\/\\\/vitadrops.ro\\\/#website\",\"url\":\"https:\\\/\\\/vitadrops.ro\\\/\",\"name\":\"Vitadrops\",\"description\":\"\",\"publisher\":{\"@id\":\"https:\\\/\\\/vitadrops.ro\\\/#organization\"},\"potentialAction\":[{\"@type\":\"SearchAction\",\"target\":{\"@type\":\"EntryPoint\",\"urlTemplate\":\"https:\\\/\\\/vitadrops.ro\\\/?s={search_term_string}\"},\"query-input\":{\"@type\":\"PropertyValueSpecification\",\"valueRequired\":true,\"valueName\":\"search_term_string\"}}],\"inLanguage\":\"ro-RO\"},{\"@type\":\"Organization\",\"@id\":\"https:\\\/\\\/vitadrops.ro\\\/#organization\",\"name\":\"Vitadrops\",\"url\":\"https:\\\/\\\/vitadrops.ro\\\/\",\"logo\":{\"@type\":\"ImageObject\",\"inLanguage\":\"ro-RO\",\"@id\":\"https:\\\/\\\/vitadrops.ro\\\/#\\\/schema\\\/logo\\\/image\\\/\",\"url\":\"https:\\\/\\\/vitadrops.ro\\\/wp-content\\\/uploads\\\/2024\\\/09\\\/6.png\",\"contentUrl\":\"https:\\\/\\\/vitadrops.ro\\\/wp-content\\\/uploads\\\/2024\\\/09\\\/6.png\",\"width\":2350,\"height\":819,\"caption\":\"Vitadrops\"},\"image\":{\"@id\":\"https:\\\/\\\/vitadrops.ro\\\/#\\\/schema\\\/logo\\\/image\\\/\"}}]}<\/script>\n<!-- \/ Yoast SEO plugin. -->","yoast_head_json":{"title":"ELENGED\u00c9S \u2013 SZABAD L\u00c9LEK - Vitadrops","description":"Amestec premium de ulei 100% puri, ob\u021binu\u021bi prin presare la rece, din ingrediente care sus\u021bin func\u021bionarea sistemului digestiv.","robots":{"index":"index","follow":"follow","max-snippet":"max-snippet:-1","max-image-preview":"max-image-preview:large","max-video-preview":"max-video-preview:-1"},"canonical":"https:\/\/vitadrops.ro\/ro\/product\/elengedes-szabad-lelek\/","og_locale":"ro_RO","og_type":"article","og_title":"ELENGED\u00c9S \u2013 SZABAD L\u00c9LEK - Vitadrops","og_description":"100% tisztas\u00e1g\u00fa pr\u00e9mium olajkever\u00e9k, amely az em\u00e9szt\u0151rendszer m\u0171k\u00f6d\u00e9s\u00e9t t\u00e1mogat\u00f3 alapanyagokb\u00f3l hidegen sajtol\u00e1ssal el\u0151\u00e1ll\u00edtott \u00f6sszetev\u0151ket tartalmaz.","og_url":"https:\/\/vitadrops.ro\/ro\/product\/elengedes-szabad-lelek\/","og_site_name":"Vitadrops","article_modified_time":"2026-04-18T16:29:54+00:00","og_image":[{"width":2560,"height":2560,"url":"https:\/\/vitadrops.ro\/wp-content\/uploads\/2026\/03\/1_elengedes-scaled.png","type":"image\/png"}],"twitter_card":"summary_large_image","twitter_misc":{"Timp estimat pentru citire":"1 minut"},"schema":{"@context":"https:\/\/schema.org","@graph":[{"@type":"WebPage","@id":"https:\/\/vitadrops.ro\/product\/elengedes-szabad-lelek\/","url":"https:\/\/vitadrops.ro\/product\/elengedes-szabad-lelek\/","name":"ELENGED\u00c9S \u2013 SZABAD L\u00c9LEK - Vitadrops","isPartOf":{"@id":"https:\/\/vitadrops.ro\/#website"},"primaryImageOfPage":{"@id":"https:\/\/vitadrops.ro\/product\/elengedes-szabad-lelek\/#primaryimage"},"image":{"@id":"https:\/\/vitadrops.ro\/product\/elengedes-szabad-lelek\/#primaryimage"},"thumbnailUrl":"https:\/\/vitadrops.ro\/wp-content\/uploads\/2026\/03\/1_elengedes-scaled.png","datePublished":"2026-04-18T16:10:56+00:00","dateModified":"2026-04-18T16:29:54+00:00","description":"Amestec premium de ulei 100% puri, ob\u021binu\u021bi prin presare la rece, din ingrediente care sus\u021bin func\u021bionarea sistemului digestiv.","breadcrumb":{"@id":"https:\/\/vitadrops.ro\/product\/elengedes-szabad-lelek\/#breadcrumb"},"inLanguage":"ro-RO","potentialAction":[{"@type":"ReadAction","target":["https:\/\/vitadrops.ro\/product\/elengedes-szabad-lelek\/"]}]},{"@type":"ImageObject","inLanguage":"ro-RO","@id":"https:\/\/vitadrops.ro\/product\/elengedes-szabad-lelek\/#primaryimage","url":"https:\/\/vitadrops.ro\/wp-content\/uploads\/2026\/03\/1_elengedes-scaled.png","contentUrl":"https:\/\/vitadrops.ro\/wp-content\/uploads\/2026\/03\/1_elengedes-scaled.png","width":2560,"height":2560,"caption":"attl-drops"},{"@type":"BreadcrumbList","@id":"https:\/\/vitadrops.ro\/product\/elengedes-szabad-lelek\/#breadcrumb","itemListElement":[{"@type":"ListItem","position":1,"name":"Kezd\u0151lap","item":"https:\/\/vitadrops.ro\/"},{"@type":"ListItem","position":2,"name":"Webshop","item":"https:\/\/vitadrops.ro\/shop\/"},{"@type":"ListItem","position":3,"name":"ELENGED\u00c9S \u2013 SZABAD L\u00c9LEK"}]},{"@type":"WebSite","@id":"https:\/\/vitadrops.ro\/#website","url":"https:\/\/vitadrops.ro\/","name":"Vitadrops","description":"","publisher":{"@id":"https:\/\/vitadrops.ro\/#organization"},"potentialAction":[{"@type":"SearchAction","target":{"@type":"EntryPoint","urlTemplate":"https:\/\/vitadrops.ro\/?s={search_term_string}"},"query-input":{"@type":"PropertyValueSpecification","valueRequired":true,"valueName":"search_term_string"}}],"inLanguage":"ro-RO"},{"@type":"Organization","@id":"https:\/\/vitadrops.ro\/#organization","name":"Vitadrops","url":"https:\/\/vitadrops.ro\/","logo":{"@type":"ImageObject","inLanguage":"ro-RO","@id":"https:\/\/vitadrops.ro\/#\/schema\/logo\/image\/","url":"https:\/\/vitadrops.ro\/wp-content\/uploads\/2024\/09\/6.png","contentUrl":"https:\/\/vitadrops.ro\/wp-content\/uploads\/2024\/09\/6.png","width":2350,"height":819,"caption":"Vitadrops"},"image":{"@id":"https:\/\/vitadrops.ro\/#\/schema\/logo\/image\/"}}]}},"_links":{"self":[{"href":"https:\/\/vitadrops.ro\/ro\/wp-json\/wp\/v2\/product\/2135","targetHints":{"allow":["GET"]}}],"collection":[{"href":"https:\/\/vitadrops.ro\/ro\/wp-json\/wp\/v2\/product"}],"about":[{"href":"https:\/\/vitadrops.ro\/ro\/wp-json\/wp\/v2\/types\/product"}],"replies":[{"embeddable":true,"href":"https:\/\/vitadrops.ro\/ro\/wp-json\/wp\/v2\/comments?post=2135"}],"wp:featuredmedia":[{"embeddable":true,"href":"https:\/\/vitadrops.ro\/ro\/wp-json\/wp\/v2\/media\/2124"}],"wp:attachment":[{"href":"https:\/\/vitadrops.ro\/ro\/wp-json\/wp\/v2\/media?parent=2135"}],"wp:term":[{"taxonomy":"product_brand","embeddable":true,"href":"https:\/\/vitadrops.ro\/ro\/wp-json\/wp\/v2\/product_brand?post=2135"},{"taxonomy":"product_cat","embeddable":true,"href":"https:\/\/vitadrops.ro\/ro\/wp-json\/wp\/v2\/product_cat?post=2135"},{"taxonomy":"product_tag","embeddable":true,"href":"https:\/\/vitadrops.ro\/ro\/wp-json\/wp\/v2\/product_tag?post=2135"}],"curies":[{"name":"wp","href":"https:\/\/api.w.org\/{rel}","templated":true}]}}