{"id":48,"date":"2016-10-10T09:57:31","date_gmt":"2016-10-10T06:57:31","guid":{"rendered":"https:\/\/vitadrops.ro\/?page_id=48"},"modified":"2026-03-25T18:34:40","modified_gmt":"2026-03-25T18:34:40","slug":"kapcsolat","status":"publish","type":"page","link":"https:\/\/vitadrops.ro\/ro\/kapcsolat\/","title":{"rendered":"Contact"},"content":{"rendered":"<div data-elementor-type=\"wp-page\" data-elementor-id=\"48\" class=\"elementor elementor-48\">\n\t\t\t\t<div class=\"elementor-element elementor-element-46e9759b e-con-full e-flex e-con e-parent\" data-id=\"46e9759b\" data-element_type=\"container\" data-e-type=\"container\" data-settings=\"{&quot;background_background&quot;:&quot;classic&quot;,&quot;shape_divider_bottom&quot;:&quot;mountains&quot;}\">\n\t\t\t\t<div class=\"elementor-shape elementor-shape-bottom\" aria-hidden=\"true\" data-negative=\"false\">\n\t\t\t<svg xmlns=\"http:\/\/www.w3.org\/2000\/svg\" viewbox=\"0 0 1000 100\" preserveaspectratio=\"none\">\n\t<path class=\"elementor-shape-fill\" opacity=\"0.33\" d=\"M473,67.3c-203.9,88.3-263.1-34-320.3,0C66,119.1,0,59.7,0,59.7V0h1000v59.7 c0,0-62.1,26.1-94.9,29.3c-32.8,3.3-62.8-12.3-75.8-22.1C806,49.6,745.3,8.7,694.9,4.7S492.4,59,473,67.3z\"\/>\n\t<path class=\"elementor-shape-fill\" opacity=\"0.66\" d=\"M734,67.3c-45.5,0-77.2-23.2-129.1-39.1c-28.6-8.7-150.3-10.1-254,39.1 s-91.7-34.4-149.2,0C115.7,118.3,0,39.8,0,39.8V0h1000v36.5c0,0-28.2-18.5-92.1-18.5C810.2,18.1,775.7,67.3,734,67.3z\"\/>\n\t<path class=\"elementor-shape-fill\" d=\"M766.1,28.9c-200-57.5-266,65.5-395.1,19.5C242,1.8,242,5.4,184.8,20.6C128,35.8,132.3,44.9,89.9,52.5C28.6,63.7,0,0,0,0 h1000c0,0-9.9,40.9-83.6,48.1S829.6,47,766.1,28.9z\"\/>\n<\/svg>\t\t<\/div>\n\t\t\t\t<div class=\"elementor-element elementor-element-4984fe18 fw-container elementor-invisible elementor-widget elementor-widget-heading\" data-id=\"4984fe18\" data-element_type=\"widget\" data-e-type=\"widget\" data-settings=\"{&quot;_animation&quot;:&quot;fadeInDown&quot;}\" data-widget_type=\"heading.default\">\n\t\t\t\t<div class=\"elementor-widget-container\">\n\t\t\t\t\t<h2 class=\"elementor-heading-title elementor-size-default\">Contact<\/h2>\t\t\t\t<\/div>\n\t\t\t\t<\/div>\n\t\t\t\t<div class=\"elementor-element elementor-element-582747ee elementor-widget-divider--view-line elementor-invisible elementor-widget elementor-widget-divider\" data-id=\"582747ee\" data-element_type=\"widget\" data-e-type=\"widget\" data-settings=\"{&quot;_animation&quot;:&quot;fadeInUp&quot;}\" data-widget_type=\"divider.default\">\n\t\t\t\t<div class=\"elementor-widget-container\">\n\t\t\t\t\t\t\t<div class=\"elementor-divider\">\n\t\t\t<span class=\"elementor-divider-separator\">\n\t\t\t\t\t\t<\/span>\n\t\t<\/div>\n\t\t\t\t\t\t<\/div>\n\t\t\t\t<\/div>\n\t\t\t\t<\/div>\n\t\t<div class=\"elementor-element elementor-element-e70e5c6 e-grid e-con-boxed e-con e-parent\" data-id=\"e70e5c6\" data-element_type=\"container\" data-e-type=\"container\">\n\t\t\t\t\t<div class=\"e-con-inner\">\n\t\t\t\t<div class=\"elementor-element elementor-element-f9dbc74 elementor-view-default elementor-position-block-start elementor-mobile-position-block-start elementor-invisible elementor-widget elementor-widget-icon-box\" data-id=\"f9dbc74\" data-element_type=\"widget\" data-e-type=\"widget\" data-settings=\"{&quot;_animation&quot;:&quot;fadeInLeft&quot;}\" data-widget_type=\"icon-box.default\">\n\t\t\t\t<div class=\"elementor-widget-container\">\n\t\t\t\t\t\t\t<div class=\"elementor-icon-box-wrapper\">\n\n\t\t\t\t\t\t<div class=\"elementor-icon-box-icon\">\n\t\t\t\t<span  class=\"elementor-icon\">\n\t\t\t\t<svg aria-hidden=\"true\" class=\"e-font-icon-svg e-fas-map-marker-alt\" viewbox=\"0 0 384 512\" xmlns=\"http:\/\/www.w3.org\/2000\/svg\"><path d=\"M172.268 501.67C26.97 291.031 0 269.413 0 192 0 85.961 85.961 0 192 0s192 85.961 192 192c0 77.413-26.97 99.031-172.268 309.67-9.535 13.774-29.93 13.773-39.464 0zM192 272c44.183 0 80-35.817 80-80s-35.817-80-80-80-80 35.817-80 80 35.817 80 80 80z\"><\/path><\/svg>\t\t\t\t<\/span>\n\t\t\t<\/div>\n\t\t\t\n\t\t\t\t\t\t<div class=\"elementor-icon-box-content\">\n\n\t\t\t\t\n\t\t\t\t\t\t\t\t\t<p class=\"elementor-icon-box-description\">\n\t\t\t\t\t\tjud. Covasna, Sf\u00e2ntu Gheorghe, str L\u0103cr\u0103mioarei, nr 7, bl 35, sc D, ap 1\t\t\t\t\t<\/p>\n\t\t\t\t\n\t\t\t<\/div>\n\t\t\t\n\t\t<\/div>\n\t\t\t\t\t\t<\/div>\n\t\t\t\t<\/div>\n\t\t\t\t<div class=\"elementor-element elementor-element-9497229 elementor-view-default elementor-position-block-start elementor-mobile-position-block-start elementor-invisible elementor-widget elementor-widget-icon-box\" data-id=\"9497229\" data-element_type=\"widget\" data-e-type=\"widget\" data-settings=\"{&quot;_animation&quot;:&quot;fadeInDown&quot;}\" data-widget_type=\"icon-box.default\">\n\t\t\t\t<div class=\"elementor-widget-container\">\n\t\t\t\t\t\t\t<div class=\"elementor-icon-box-wrapper\">\n\n\t\t\t\t\t\t<div class=\"elementor-icon-box-icon\">\n\t\t\t\t<span  class=\"elementor-icon\">\n\t\t\t\t<svg aria-hidden=\"true\" class=\"e-font-icon-svg e-fas-phone-alt\" viewbox=\"0 0 512 512\" xmlns=\"http:\/\/www.w3.org\/2000\/svg\"><path d=\"M497.39 361.8l-112-48a24 24 0 0 0-28 6.9l-49.6 60.6A370.66 370.66 0 0 1 130.6 204.11l60.6-49.6a23.94 23.94 0 0 0 6.9-28l-48-112A24.16 24.16 0 0 0 122.6.61l-104 24A24 24 0 0 0 0 48c0 256.5 207.9 464 464 464a24 24 0 0 0 23.4-18.6l24-104a24.29 24.29 0 0 0-14.01-27.6z\"><\/path><\/svg>\t\t\t\t<\/span>\n\t\t\t<\/div>\n\t\t\t\n\t\t\t\t\t\t<div class=\"elementor-icon-box-content\">\n\n\t\t\t\t\n\t\t\t\t\t\t\t\t\t<p class=\"elementor-icon-box-description\">\n\t\t\t\t\t\t+40 757 711 542\t\t\t\t\t<\/p>\n\t\t\t\t\n\t\t\t<\/div>\n\t\t\t\n\t\t<\/div>\n\t\t\t\t\t\t<\/div>\n\t\t\t\t<\/div>\n\t\t\t\t<div class=\"elementor-element elementor-element-98c3024 elementor-view-default elementor-position-block-start elementor-mobile-position-block-start elementor-invisible elementor-widget elementor-widget-icon-box\" data-id=\"98c3024\" data-element_type=\"widget\" data-e-type=\"widget\" data-settings=\"{&quot;_animation&quot;:&quot;fadeInRight&quot;}\" data-widget_type=\"icon-box.default\">\n\t\t\t\t<div class=\"elementor-widget-container\">\n\t\t\t\t\t\t\t<div class=\"elementor-icon-box-wrapper\">\n\n\t\t\t\t\t\t<div class=\"elementor-icon-box-icon\">\n\t\t\t\t<span  class=\"elementor-icon\">\n\t\t\t\t<svg aria-hidden=\"true\" class=\"e-font-icon-svg e-far-envelope-open\" viewbox=\"0 0 512 512\" xmlns=\"http:\/\/www.w3.org\/2000\/svg\"><path d=\"M494.586 164.516c-4.697-3.883-111.723-89.95-135.251-108.657C337.231 38.191 299.437 0 256 0c-43.205 0-80.636 37.717-103.335 55.859-24.463 19.45-131.07 105.195-135.15 108.549A48.004 48.004 0 0 0 0 201.485V464c0 26.51 21.49 48 48 48h416c26.51 0 48-21.49 48-48V201.509a48 48 0 0 0-17.414-36.993zM464 458a6 6 0 0 1-6 6H54a6 6 0 0 1-6-6V204.347c0-1.813.816-3.526 2.226-4.665 15.87-12.814 108.793-87.554 132.364-106.293C200.755 78.88 232.398 48 256 48c23.693 0 55.857 31.369 73.41 45.389 23.573 18.741 116.503 93.493 132.366 106.316a5.99 5.99 0 0 1 2.224 4.663V458zm-31.991-187.704c4.249 5.159 3.465 12.795-1.745 16.981-28.975 23.283-59.274 47.597-70.929 56.863C336.636 362.283 299.205 400 256 400c-43.452 0-81.287-38.237-103.335-55.86-11.279-8.967-41.744-33.413-70.927-56.865-5.21-4.187-5.993-11.822-1.745-16.981l15.258-18.528c4.178-5.073 11.657-5.843 16.779-1.726 28.618 23.001 58.566 47.035 70.56 56.571C200.143 320.631 232.307 352 256 352c23.602 0 55.246-30.88 73.41-45.389 11.994-9.535 41.944-33.57 70.563-56.568 5.122-4.116 12.601-3.346 16.778 1.727l15.258 18.526z\"><\/path><\/svg>\t\t\t\t<\/span>\n\t\t\t<\/div>\n\t\t\t\n\t\t\t\t\t\t<div class=\"elementor-icon-box-content\">\n\n\t\t\t\t\n\t\t\t\t\t\t\t\t\t<p class=\"elementor-icon-box-description\">\n\t\t\t\t\t\tvitadropstherapycenter@yahoo.com\t\t\t\t\t<\/p>\n\t\t\t\t\n\t\t\t<\/div>\n\t\t\t\n\t\t<\/div>\n\t\t\t\t\t\t<\/div>\n\t\t\t\t<\/div>\n\t\t\t\t\t<\/div>\n\t\t\t\t<\/div>\n\t\t<div class=\"elementor-element elementor-element-3fd7e69 e-flex e-con-boxed e-con e-parent\" data-id=\"3fd7e69\" data-element_type=\"container\" data-e-type=\"container\" data-settings=\"{&quot;background_background&quot;:&quot;classic&quot;}\">\n\t\t\t\t\t<div class=\"e-con-inner\">\n\t\t\t\t<div class=\"elementor-element elementor-element-9e0df83 fw-container elementor-invisible elementor-widget elementor-widget-heading\" data-id=\"9e0df83\" data-element_type=\"widget\" data-e-type=\"widget\" data-settings=\"{&quot;_animation&quot;:&quot;fadeInDown&quot;}\" data-widget_type=\"heading.default\">\n\t\t\t\t<div class=\"elementor-widget-container\">\n\t\t\t\t\t<h2 class=\"elementor-heading-title elementor-size-default\">Contacta\u021bi-ne!<\/h2>\t\t\t\t<\/div>\n\t\t\t\t<\/div>\n\t\t\t\t<div class=\"elementor-element elementor-element-26e945b elementor-widget-divider--view-line elementor-invisible elementor-widget elementor-widget-divider\" data-id=\"26e945b\" data-element_type=\"widget\" data-e-type=\"widget\" data-settings=\"{&quot;_animation&quot;:&quot;fadeInUp&quot;}\" data-widget_type=\"divider.default\">\n\t\t\t\t<div class=\"elementor-widget-container\">\n\t\t\t\t\t\t\t<div class=\"elementor-divider\">\n\t\t\t<span class=\"elementor-divider-separator\">\n\t\t\t\t\t\t<\/span>\n\t\t<\/div>\n\t\t\t\t\t\t<\/div>\n\t\t\t\t<\/div>\n\t\t\t\t<div class=\"elementor-element elementor-element-646680a elementor-widget elementor-widget-shortcode\" data-id=\"646680a\" data-element_type=\"widget\" data-e-type=\"widget\" data-widget_type=\"shortcode.default\">\n\t\t\t\t<div class=\"elementor-widget-container\">\n\t\t\t\t\t\t\t<div class=\"elementor-shortcode\">\n<div class=\"wpcf7 no-js\" id=\"wpcf7-f377-o1\" lang=\"ru-RU\" dir=\"ltr\" data-wpcf7-id=\"377\">\n<div class=\"screen-reader-response\"><p role=\"status\" aria-live=\"polite\" aria-atomic=\"true\"><\/p> <ul><\/ul><\/div>\n<form action=\"\/ro\/wp-json\/wp\/v2\/pages\/48#wpcf7-f377-o1\" method=\"post\" class=\"wpcf7-form init\" aria-label=\"Formular de contact\" novalidate=\"novalidate\" data-status=\"init\" data-trp-original-action=\"\/ro\/wp-json\/wp\/v2\/pages\/48#wpcf7-f377-o1\">\n<fieldset class=\"hidden-fields-container\"><input type=\"hidden\" name=\"_wpcf7\" value=\"377\" \/><input type=\"hidden\" name=\"_wpcf7_version\" value=\"6.1.5\" \/><input type=\"hidden\" name=\"_wpcf7_locale\" value=\"ru_RU\" \/><input type=\"hidden\" name=\"_wpcf7_unit_tag\" value=\"wpcf7-f377-o1\" \/><input type=\"hidden\" name=\"_wpcf7_container_post\" value=\"0\" \/><input type=\"hidden\" name=\"_wpcf7_posted_data_hash\" value=\"\" \/><input type=\"hidden\" name=\"_wpcf7_recaptcha_response\" value=\"\" \/>\n<\/fieldset>\n<div class=\"fw-col-sm-6 fw-col-md-3\">\n\t<p><span class=\"wpcf7-form-control-wrap\" data-name=\"name\"><input size=\"40\" maxlength=\"400\" class=\"wpcf7-form-control wpcf7-text wpcf7-validates-as-required style1\" aria-required=\"true\" aria-invalid=\"false\" placeholder=\"Nume *\" value=\"\" type=\"text\" name=\"name\" \/><\/span>\n\t<\/p>\n<\/div>\n<div class=\"fw-col-sm-6 fw-col-md-3\">\n\t<p><span class=\"wpcf7-form-control-wrap\" data-name=\"phone\"><input size=\"40\" maxlength=\"400\" class=\"wpcf7-form-control wpcf7-text wpcf7-validates-as-required style1\" aria-required=\"true\" aria-invalid=\"false\" placeholder=\"Tel *\" value=\"\" type=\"text\" name=\"phone\" \/><\/span>\n\t<\/p>\n<\/div>\n<div class=\"fw-col-sm-6 fw-col-md-3\">\n\t<p><span class=\"wpcf7-form-control-wrap\" data-name=\"email\"><input size=\"40\" maxlength=\"400\" class=\"wpcf7-form-control wpcf7-email wpcf7-validates-as-required wpcf7-text wpcf7-validates-as-email style1\" aria-required=\"true\" aria-invalid=\"false\" placeholder=\"Email *\" value=\"\" type=\"email\" name=\"email\" \/><\/span>\n\t<\/p>\n<\/div>\n<div class=\"fw-col-sm-6 fw-col-md-3\">\n\t<p><span class=\"wpcf7-form-control-wrap\" data-name=\"subject\"><input size=\"40\" maxlength=\"400\" class=\"wpcf7-form-control wpcf7-text style1\" aria-invalid=\"false\" placeholder=\"Subiect\" value=\"\" type=\"text\" name=\"subject\" \/><\/span>\n\t<\/p>\n<\/div>\n<div class=\"fw-col-md-12\">\n\t<p><span class=\"wpcf7-form-control-wrap\" data-name=\"text\"><textarea cols=\"40\" rows=\"10\" maxlength=\"2000\" class=\"wpcf7-form-control wpcf7-textarea style1\" aria-invalid=\"false\" placeholder=\"Despre ce a\u021bi dori s\u0103 v\u0103 interesa\u021bi? *\" name=\"text\"><\/textarea><\/span>\n\t<\/p>\n\t<div>\n\t\t<p><input class=\"wpcf7-form-control wpcf7-submit has-spinner button-style1\" type=\"submit\" value=\"Trimite\" \/>\n\t\t<\/p>\n\t<\/div>\n<\/div><div class=\"wpcf7-response-output\" aria-hidden=\"true\"><\/div>\n<input type=\"hidden\" name=\"trp-form-language\" value=\"ro\"\/><\/form>\n<\/div>\n<\/div>\n\t\t\t\t\t\t<\/div>\n\t\t\t\t<\/div>\n\t\t\t\t\t<\/div>\n\t\t\t\t<\/div>\n\t\t<div class=\"elementor-element elementor-element-4d6267b e-flex e-con-boxed e-con e-parent\" data-id=\"4d6267b\" data-element_type=\"container\" data-e-type=\"container\">\n\t\t\t\t\t<div class=\"e-con-inner\">\n\t\t\t\t<div class=\"elementor-element elementor-element-fdae4a2 elementor-widget elementor-widget-google_maps\" data-id=\"fdae4a2\" data-element_type=\"widget\" data-e-type=\"widget\" data-widget_type=\"google_maps.default\">\n\t\t\t\t<div class=\"elementor-widget-container\">\n\t\t\t\t\t\t\t<div class=\"elementor-custom-embed\">\n\t\t\t<iframe loading=\"lazy\"\n\t\t\t\t\tsrc=\"https:\/\/maps.google.com\/maps?q=Sfantu%20gheorghe%2C%20str%20L%C4%83cr%C4%83mioarei%2C%20nr%207%2C%20bl%2035&#038;t=m&#038;z=15&#038;output=embed&#038;iwloc=near\"\n\t\t\t\t\ttitle=\"Sfantu gheorghe, str L\u0103cr\u0103mioarei, nr 7, bl 35\"\n\t\t\t\t\taria-label=\"Sfantu gheorghe, str L\u0103cr\u0103mioarei, nr 7, bl 35\"\n\t\t\t><\/iframe>\n\t\t<\/div>\n\t\t\t\t\t\t<\/div>\n\t\t\t\t<\/div>\n\t\t\t\t\t<\/div>\n\t\t\t\t<\/div>\n\t\t\t\t<\/div>","protected":false},"excerpt":{"rendered":"<p>Helping Your TeethStay Healthy One Check Out Our Services! CHECK OUT more info Contacts 4321 Your Address,Country, Postcode 8 800 2336 78118 988 2737 1132 support@promo-themes.com Working Hours sun Closed mon 09:00 AM &#8211; 18:00 PM tue 09:00 AM &#8211; 18:00 PM wed 09:00 AM &#8211; 18:00 PM thu 09:00 AM &#8211; 18:00 PM fri [&hellip;]<\/p>\n","protected":false},"author":1,"featured_media":834,"parent":0,"menu_order":0,"comment_status":"closed","ping_status":"closed","template":"elementor_header_footer","meta":{"_acf_changed":false,"footnotes":""},"class_list":["post-48","page","type-page","status-publish","has-post-thumbnail","hentry"],"acf":[],"yoast_head":"<!-- This site is optimized with the Yoast SEO plugin v27.4 - https:\/\/yoast.com\/product\/yoast-seo-wordpress\/ -->\n<title>Kapcsolat - Vitadrops<\/title>\n<meta name=\"robots\" content=\"index, follow, max-snippet:-1, max-image-preview:large, max-video-preview:-1\" \/>\n<link rel=\"canonical\" href=\"https:\/\/vitadrops.ro\/ro\/kapcsolat\/\" \/>\n<meta property=\"og:locale\" content=\"ro_RO\" \/>\n<meta property=\"og:type\" content=\"article\" \/>\n<meta property=\"og:title\" content=\"Kapcsolat - Vitadrops\" \/>\n<meta property=\"og:description\" content=\"Helping Your TeethStay Healthy One Check Out Our Services! CHECK OUT more info Contacts 4321 Your Address,Country, Postcode 8 800 2336 78118 988 2737 1132 support@promo-themes.com Working Hours sun Closed mon 09:00 AM - 18:00 PM tue 09:00 AM - 18:00 PM wed 09:00 AM - 18:00 PM thu 09:00 AM - 18:00 PM fri [&hellip;]\" \/>\n<meta property=\"og:url\" content=\"https:\/\/vitadrops.ro\/ro\/kapcsolat\/\" \/>\n<meta property=\"og:site_name\" content=\"Vitadrops\" \/>\n<meta property=\"article:modified_time\" content=\"2026-03-25T18:34:40+00:00\" \/>\n<meta property=\"og:image\" content=\"https:\/\/vitadrops.ro\/wp-content\/uploads\/2025\/01\/VHS241108-26.jpg\" \/>\n\t<meta property=\"og:image:width\" content=\"2048\" \/>\n\t<meta property=\"og:image:height\" content=\"1363\" \/>\n\t<meta property=\"og:image:type\" content=\"image\/jpeg\" \/>\n<meta name=\"twitter:card\" content=\"summary_large_image\" \/>\n<meta name=\"twitter:label1\" content=\"Timp estimat pentru citire\" \/>\n\t<meta name=\"twitter:data1\" content=\"1 minut\" \/>\n<script type=\"application\/ld+json\" class=\"yoast-schema-graph\">{\"@context\":\"https:\\\/\\\/schema.org\",\"@graph\":[{\"@type\":\"WebPage\",\"@id\":\"https:\\\/\\\/vitadrops.ro\\\/kapcsolat\\\/\",\"url\":\"https:\\\/\\\/vitadrops.ro\\\/kapcsolat\\\/\",\"name\":\"Kapcsolat - Vitadrops\",\"isPartOf\":{\"@id\":\"https:\\\/\\\/vitadrops.ro\\\/#website\"},\"primaryImageOfPage\":{\"@id\":\"https:\\\/\\\/vitadrops.ro\\\/kapcsolat\\\/#primaryimage\"},\"image\":{\"@id\":\"https:\\\/\\\/vitadrops.ro\\\/kapcsolat\\\/#primaryimage\"},\"thumbnailUrl\":\"https:\\\/\\\/vitadrops.ro\\\/wp-content\\\/uploads\\\/2025\\\/01\\\/VHS241108-26.jpg\",\"datePublished\":\"2016-10-10T06:57:31+00:00\",\"dateModified\":\"2026-03-25T18:34:40+00:00\",\"breadcrumb\":{\"@id\":\"https:\\\/\\\/vitadrops.ro\\\/kapcsolat\\\/#breadcrumb\"},\"inLanguage\":\"ro-RO\",\"potentialAction\":[{\"@type\":\"ReadAction\",\"target\":[\"https:\\\/\\\/vitadrops.ro\\\/kapcsolat\\\/\"]}]},{\"@type\":\"ImageObject\",\"inLanguage\":\"ro-RO\",\"@id\":\"https:\\\/\\\/vitadrops.ro\\\/kapcsolat\\\/#primaryimage\",\"url\":\"https:\\\/\\\/vitadrops.ro\\\/wp-content\\\/uploads\\\/2025\\\/01\\\/VHS241108-26.jpg\",\"contentUrl\":\"https:\\\/\\\/vitadrops.ro\\\/wp-content\\\/uploads\\\/2025\\\/01\\\/VHS241108-26.jpg\",\"width\":2048,\"height\":1363,\"caption\":\"contact\"},{\"@type\":\"BreadcrumbList\",\"@id\":\"https:\\\/\\\/vitadrops.ro\\\/kapcsolat\\\/#breadcrumb\",\"itemListElement\":[{\"@type\":\"ListItem\",\"position\":1,\"name\":\"Kezd\u0151lap\",\"item\":\"https:\\\/\\\/vitadrops.ro\\\/\"},{\"@type\":\"ListItem\",\"position\":2,\"name\":\"Kapcsolat\"}]},{\"@type\":\"WebSite\",\"@id\":\"https:\\\/\\\/vitadrops.ro\\\/#website\",\"url\":\"https:\\\/\\\/vitadrops.ro\\\/\",\"name\":\"Vitadrops\",\"description\":\"\",\"publisher\":{\"@id\":\"https:\\\/\\\/vitadrops.ro\\\/#organization\"},\"potentialAction\":[{\"@type\":\"SearchAction\",\"target\":{\"@type\":\"EntryPoint\",\"urlTemplate\":\"https:\\\/\\\/vitadrops.ro\\\/?s={search_term_string}\"},\"query-input\":{\"@type\":\"PropertyValueSpecification\",\"valueRequired\":true,\"valueName\":\"search_term_string\"}}],\"inLanguage\":\"ro-RO\"},{\"@type\":\"Organization\",\"@id\":\"https:\\\/\\\/vitadrops.ro\\\/#organization\",\"name\":\"Vitadrops\",\"url\":\"https:\\\/\\\/vitadrops.ro\\\/\",\"logo\":{\"@type\":\"ImageObject\",\"inLanguage\":\"ro-RO\",\"@id\":\"https:\\\/\\\/vitadrops.ro\\\/#\\\/schema\\\/logo\\\/image\\\/\",\"url\":\"https:\\\/\\\/vitadrops.ro\\\/wp-content\\\/uploads\\\/2024\\\/09\\\/6.png\",\"contentUrl\":\"https:\\\/\\\/vitadrops.ro\\\/wp-content\\\/uploads\\\/2024\\\/09\\\/6.png\",\"width\":2350,\"height\":819,\"caption\":\"Vitadrops\"},\"image\":{\"@id\":\"https:\\\/\\\/vitadrops.ro\\\/#\\\/schema\\\/logo\\\/image\\\/\"}}]}<\/script>\n<!-- \/ Yoast SEO plugin. -->","yoast_head_json":{"title":"Kapcsolat - Vitadrops","robots":{"index":"index","follow":"follow","max-snippet":"max-snippet:-1","max-image-preview":"max-image-preview:large","max-video-preview":"max-video-preview:-1"},"canonical":"https:\/\/vitadrops.ro\/ro\/kapcsolat\/","og_locale":"ro_RO","og_type":"article","og_title":"Kapcsolat - Vitadrops","og_description":"Helping Your TeethStay Healthy One Check Out Our Services! CHECK OUT more info Contacts 4321 Your Address,Country, Postcode 8 800 2336 78118 988 2737 1132 support@promo-themes.com Working Hours sun Closed mon 09:00 AM - 18:00 PM tue 09:00 AM - 18:00 PM wed 09:00 AM - 18:00 PM thu 09:00 AM - 18:00 PM fri [&hellip;]","og_url":"https:\/\/vitadrops.ro\/ro\/kapcsolat\/","og_site_name":"Vitadrops","article_modified_time":"2026-03-25T18:34:40+00:00","og_image":[{"width":2048,"height":1363,"url":"https:\/\/vitadrops.ro\/wp-content\/uploads\/2025\/01\/VHS241108-26.jpg","type":"image\/jpeg"}],"twitter_card":"summary_large_image","twitter_misc":{"Timp estimat pentru citire":"1 minut"},"schema":{"@context":"https:\/\/schema.org","@graph":[{"@type":"WebPage","@id":"https:\/\/vitadrops.ro\/kapcsolat\/","url":"https:\/\/vitadrops.ro\/kapcsolat\/","name":"Kapcsolat - Vitadrops","isPartOf":{"@id":"https:\/\/vitadrops.ro\/#website"},"primaryImageOfPage":{"@id":"https:\/\/vitadrops.ro\/kapcsolat\/#primaryimage"},"image":{"@id":"https:\/\/vitadrops.ro\/kapcsolat\/#primaryimage"},"thumbnailUrl":"https:\/\/vitadrops.ro\/wp-content\/uploads\/2025\/01\/VHS241108-26.jpg","datePublished":"2016-10-10T06:57:31+00:00","dateModified":"2026-03-25T18:34:40+00:00","breadcrumb":{"@id":"https:\/\/vitadrops.ro\/kapcsolat\/#breadcrumb"},"inLanguage":"ro-RO","potentialAction":[{"@type":"ReadAction","target":["https:\/\/vitadrops.ro\/kapcsolat\/"]}]},{"@type":"ImageObject","inLanguage":"ro-RO","@id":"https:\/\/vitadrops.ro\/kapcsolat\/#primaryimage","url":"https:\/\/vitadrops.ro\/wp-content\/uploads\/2025\/01\/VHS241108-26.jpg","contentUrl":"https:\/\/vitadrops.ro\/wp-content\/uploads\/2025\/01\/VHS241108-26.jpg","width":2048,"height":1363,"caption":"contact"},{"@type":"BreadcrumbList","@id":"https:\/\/vitadrops.ro\/kapcsolat\/#breadcrumb","itemListElement":[{"@type":"ListItem","position":1,"name":"Kezd\u0151lap","item":"https:\/\/vitadrops.ro\/"},{"@type":"ListItem","position":2,"name":"Kapcsolat"}]},{"@type":"WebSite","@id":"https:\/\/vitadrops.ro\/#website","url":"https:\/\/vitadrops.ro\/","name":"Vitadrops","description":"","publisher":{"@id":"https:\/\/vitadrops.ro\/#organization"},"potentialAction":[{"@type":"SearchAction","target":{"@type":"EntryPoint","urlTemplate":"https:\/\/vitadrops.ro\/?s={search_term_string}"},"query-input":{"@type":"PropertyValueSpecification","valueRequired":true,"valueName":"search_term_string"}}],"inLanguage":"ro-RO"},{"@type":"Organization","@id":"https:\/\/vitadrops.ro\/#organization","name":"Vitadrops","url":"https:\/\/vitadrops.ro\/","logo":{"@type":"ImageObject","inLanguage":"ro-RO","@id":"https:\/\/vitadrops.ro\/#\/schema\/logo\/image\/","url":"https:\/\/vitadrops.ro\/wp-content\/uploads\/2024\/09\/6.png","contentUrl":"https:\/\/vitadrops.ro\/wp-content\/uploads\/2024\/09\/6.png","width":2350,"height":819,"caption":"Vitadrops"},"image":{"@id":"https:\/\/vitadrops.ro\/#\/schema\/logo\/image\/"}}]}},"_links":{"self":[{"href":"https:\/\/vitadrops.ro\/ro\/wp-json\/wp\/v2\/pages\/48","targetHints":{"allow":["GET"]}}],"collection":[{"href":"https:\/\/vitadrops.ro\/ro\/wp-json\/wp\/v2\/pages"}],"about":[{"href":"https:\/\/vitadrops.ro\/ro\/wp-json\/wp\/v2\/types\/page"}],"author":[{"embeddable":true,"href":"https:\/\/vitadrops.ro\/ro\/wp-json\/wp\/v2\/users\/1"}],"replies":[{"embeddable":true,"href":"https:\/\/vitadrops.ro\/ro\/wp-json\/wp\/v2\/comments?post=48"}],"version-history":[{"count":34,"href":"https:\/\/vitadrops.ro\/ro\/wp-json\/wp\/v2\/pages\/48\/revisions"}],"predecessor-version":[{"id":2089,"href":"https:\/\/vitadrops.ro\/ro\/wp-json\/wp\/v2\/pages\/48\/revisions\/2089"}],"wp:featuredmedia":[{"embeddable":true,"href":"https:\/\/vitadrops.ro\/ro\/wp-json\/wp\/v2\/media\/834"}],"wp:attachment":[{"href":"https:\/\/vitadrops.ro\/ro\/wp-json\/wp\/v2\/media?parent=48"}],"curies":[{"name":"wp","href":"https:\/\/api.w.org\/{rel}","templated":true}]}}